{"id":3335,"date":"2024-12-17T03:39:30","date_gmt":"2024-12-16T22:39:30","guid":{"rendered":"http:\/\/intsuperior.edu.ec\/?page_id=3335"},"modified":"2025-08-05T07:00:03","modified_gmt":"2025-08-05T02:00:03","slug":"noticia-importante-de-desarrollo-de-software","status":"publish","type":"page","link":"http:\/\/intsuperior.edu.ec\/?page_id=3335","title":{"rendered":"NOTICIA IMPORTANTE  DE DESARROLLO DE SOFTWARE"},"content":{"rendered":"<div class=\"\" style=\"\" >\n    \n    <section class=\"u-align-center u-clearfix u-container-align-center u-image u-shading u-section-2\" id=\"sec-9f7d\" data-image-width=\"1280\" data-image-height=\"719\" style=\"background-image: linear-gradient(0deg, rgba(0, 0, 0, 0.4), rgba(0, 0, 0, 0.4)), url(&quot;http:\/\/intsuperior.edu.ec\/wp-content\/uploads\/2024\/11\/1709091587130.png&quot;);\">\n      <div class=\"u-clearfix u-sheet u-sheet-1\"><\/div>\n    <\/section>\n    <section class=\"u-clearfix u-grey-75 u-section-3\" id=\"sec-e1ee\">\n      <div class=\"data-layout-selected u-clearfix u-expanded-width u-gutter-0 u-layout-wrap u-layout-wrap-1\">\n        <div class=\"u-gutter-0 u-layout\">\n          <div class=\"u-layout-row\">\n            <div class=\"u-container-style u-layout-cell u-left-cell u-size-60 u-layout-cell-1\">\n              <div class=\"u-container-layout u-container-layout-1\">\n                <h2 class=\"u-align-center u-text u-text-1\">Bienvenidos<\/h2>\n                <p class=\"u-align-left u-text u-text-2\">\n                  <font style=\"vertical-align: inherit;\">\n                    <font style=\"vertical-align: inherit;\">\n                      <font style=\"vertical-align: inherit;\">\n                        <font style=\"vertical-align: inherit;\">Texto de muestra. Haz clic para seleccionar el elemento de Texto.<\/font>\n                      <\/font>\n                    <\/font>\n                  <\/font>\n                <\/p>\n                <p class=\"u-align-left u-text u-text-3\">\n                  <font style=\"vertical-align: inherit;\">\n                    <font style=\"vertical-align: inherit;\">\n                      <font style=\"vertical-align: inherit;\">\n                        <font style=\"vertical-align: inherit;\">350 5ta Avenida, Nueva York, NY 10118<\/font>\n                      <\/font>\n                    <\/font>\n                  <\/font>\n                <\/p>\n              <\/div>\n            <\/div>\n          <\/div>\n        <\/div>\n      <\/div>\n    <\/section>\n    <section class=\"u-clearfix u-container-align-center u-grey-5 u-section-4\" id=\"sec-fd4f\">\n      <div class=\"u-clearfix u-sheet u-sheet-1\">\n        <div class=\"data-layout-selected u-clearfix u-expanded-width u-gutter-10 u-layout-wrap u-layout-wrap-1\">\n          <div class=\"u-layout\" style=\"\">\n            <div class=\"u-layout-row\" style=\"\">\n              <div class=\"u-container-style u-layout-cell u-left-cell u-size-30 u-size-xs-60 u-layout-cell-1\" src=\"\">\n                <div class=\"u-container-layout u-container-layout-1\">\n                  <p class=\"u-align-center u-text u-text-1\">Sample text. Lorem ipsum dolor sit amet, consectetur adipiscing elit nullam nunc justo sagittis suscipit ultrices.<\/p>\n                  <h2 class=\"u-align-left u-text u-text-2\">NOTICIA <span class=\"u-text-palette-2-base\">IMPORTANTE<\/span>\n                  <\/h2>\n                  <p class=\"u-align-left u-large-text u-text u-text-variant u-text-3\"> El pasado 10 de julio de 2025, el\nClub de Rob\u00f3tica del Instituto Tecnol\u00f3gico Nelson Torres (INT) particip\u00f3 con\nentusiasmo y gran dedicaci\u00f3n en la competencia de rob\u00f3tica realizada en el\nInstituto Superior Universitario Central T\u00e9cnico, en la ciudad de Quito.&nbsp;<br>Durante el evento, se vivieron\nmomentos de aprendizaje, innovaci\u00f3n y trabajo en equipo, los cuales fueron\ncapturados en una serie de postales fotogr\u00e1ficas que reflejan la pasi\u00f3n y el\ntalento de nuestros estudiantes.&nbsp;<br>\n                    <br>\u00a1Te invitamos a revivir esta\nexperiencia tecnol\u00f3gica a trav\u00e9s de estas im\u00e1genes que muestran el compromiso\ndel INT con la ciencia, la tecnolog\u00eda y la educaci\u00f3n de calidad!&nbsp;\n                  <\/p>\n                <\/div>\n              <\/div>\n              <div class=\"u-align-center u-container-style u-image u-layout-cell u-right-cell u-size-30 u-size-xs-60 u-image-1\" src=\"\" data-image-width=\"960\" data-image-height=\"1280\" style=\"background-image: url(&quot;http:\/\/intsuperior.edu.ec\/wp-content\/uploads\/2025\/08\/5.jpg&quot;);\">\n                <div class=\"u-container-layout u-valign-middle u-container-layout-2\" src=\"\"><\/div>\n              <\/div>\n            <\/div>\n          <\/div>\n        <\/div>\n      <\/div>\n    <\/section>\n    <section class=\"u-align-center u-clearfix u-container-align-center u-section-5\" id=\"sec-6242\">\n      <div class=\"u-clearfix u-sheet u-sheet-1\">\n        <p class=\"u-align-center u-text u-text-1\">Sample text. Click to select the text box. Click again or double click to start editing the text.<\/p>\n        <div class=\"u-expanded-width u-gallery u-layout-grid u-lightbox u-show-text-on-hover u-gallery-1\">\n          <div class=\"u-gallery-inner u-gallery-inner-1\">\n            <div class=\"u-effect-fade u-gallery-item\">\n              <div class=\"u-back-slide\" data-image-width=\"2048\" data-image-height=\"1536\">\n                <img decoding=\"async\" class=\"u-back-image u-expanded u-back-image-1\" src=\"http:\/\/intsuperior.edu.ec\/wp-content\/uploads\/2025\/08\/2.jpg\">\n              <\/div>\n              <div class=\"u-over-slide u-shading u-over-slide-1\"><\/div>\n            <\/div>\n            <div class=\"u-effect-fade u-gallery-item\">\n              <div class=\"u-back-slide\" data-image-width=\"2048\" data-image-height=\"1536\">\n                <img decoding=\"async\" class=\"u-back-image u-expanded u-back-image-2\" src=\"http:\/\/intsuperior.edu.ec\/wp-content\/uploads\/2025\/08\/3.jpg\">\n              <\/div>\n              <div class=\"u-over-slide u-shading u-over-slide-2\"><\/div>\n            <\/div>\n            <div class=\"u-effect-fade u-gallery-item\">\n              <div class=\"u-back-slide\" data-image-width=\"1536\" data-image-height=\"2048\">\n                <img decoding=\"async\" class=\"u-back-image u-expanded\" src=\"http:\/\/intsuperior.edu.ec\/wp-content\/uploads\/2025\/08\/4.jpg\">\n              <\/div>\n              <div class=\"u-over-slide u-shading u-over-slide-3\"><\/div>\n            <\/div>\n          <\/div>\n        <\/div>\n      <\/div>\n    <\/section>\n    \n    \n    \n    \n  \n<\/div>","protected":false},"excerpt":{"rendered":"<p>Bienvenidos Texto de muestra. Haz clic para seleccionar el elemento de Texto. 350 5ta Avenida, Nueva York, NY 10118 Sample [&hellip;]<\/p>\n","protected":false},"author":4,"featured_media":0,"parent":0,"menu_order":0,"comment_status":"closed","ping_status":"closed","template":"","meta":{"site-sidebar-layout":"default","site-content-layout":"","ast-site-content-layout":"default","site-content-style":"default","site-sidebar-style":"default","ast-global-header-display":"","ast-banner-title-visibility":"","ast-main-header-display":"","ast-hfb-above-header-display":"","ast-hfb-below-header-display":"","ast-hfb-mobile-header-display":"","site-post-title":"","ast-breadcrumbs-content":"","ast-featured-img":"","footer-sml-layout":"","theme-transparent-header-meta":"default","adv-header-id-meta":"","stick-header-meta":"","header-above-stick-meta":"","header-main-stick-meta":"","header-below-stick-meta":"","astra-migrate-meta-layouts":"set","ast-page-background-enabled":"default","ast-page-background-meta":{"desktop":{"background-color":"var(--ast-global-color-4)","background-image":"","background-repeat":"repeat","background-position":"center center","background-size":"auto","background-attachment":"scroll","background-type":"","background-media":"","overlay-type":"","overlay-color":"","overlay-gradient":""},"tablet":{"background-color":"","background-image":"","background-repeat":"repeat","background-position":"center center","background-size":"auto","background-attachment":"scroll","background-type":"","background-media":"","overlay-type":"","overlay-color":"","overlay-gradient":""},"mobile":{"background-color":"","background-image":"","background-repeat":"repeat","background-position":"center center","background-size":"auto","background-attachment":"scroll","background-type":"","background-media":"","overlay-type":"","overlay-color":"","overlay-gradient":""}},"ast-content-background-meta":{"desktop":{"background-color":"var(--ast-global-color-5)","background-image":"","background-repeat":"repeat","background-position":"center center","background-size":"auto","background-attachment":"scroll","background-type":"","background-media":"","overlay-type":"","overlay-color":"","overlay-gradient":""},"tablet":{"background-color":"var(--ast-global-color-5)","background-image":"","background-repeat":"repeat","background-position":"center center","background-size":"auto","background-attachment":"scroll","background-type":"","background-media":"","overlay-type":"","overlay-color":"","overlay-gradient":""},"mobile":{"background-color":"var(--ast-global-color-5)","background-image":"","background-repeat":"repeat","background-position":"center center","background-size":"auto","background-attachment":"scroll","background-type":"","background-media":"","overlay-type":"","overlay-color":"","overlay-gradient":""}},"footnotes":""},"_links":{"self":[{"href":"http:\/\/intsuperior.edu.ec\/index.php?rest_route=\/wp\/v2\/pages\/3335"}],"collection":[{"href":"http:\/\/intsuperior.edu.ec\/index.php?rest_route=\/wp\/v2\/pages"}],"about":[{"href":"http:\/\/intsuperior.edu.ec\/index.php?rest_route=\/wp\/v2\/types\/page"}],"author":[{"embeddable":true,"href":"http:\/\/intsuperior.edu.ec\/index.php?rest_route=\/wp\/v2\/users\/4"}],"replies":[{"embeddable":true,"href":"http:\/\/intsuperior.edu.ec\/index.php?rest_route=%2Fwp%2Fv2%2Fcomments&post=3335"}],"version-history":[{"count":6,"href":"http:\/\/intsuperior.edu.ec\/index.php?rest_route=\/wp\/v2\/pages\/3335\/revisions"}],"predecessor-version":[{"id":6664,"href":"http:\/\/intsuperior.edu.ec\/index.php?rest_route=\/wp\/v2\/pages\/3335\/revisions\/6664"}],"wp:attachment":[{"href":"http:\/\/intsuperior.edu.ec\/index.php?rest_route=%2Fwp%2Fv2%2Fmedia&parent=3335"}],"curies":[{"name":"wp","href":"https:\/\/api.w.org\/{rel}","templated":true}]}}