{"id":3319,"date":"2024-12-17T02:02:02","date_gmt":"2024-12-16T21:02:02","guid":{"rendered":"http:\/\/intsuperior.edu.ec\/?page_id=3319"},"modified":"2025-07-01T03:43:06","modified_gmt":"2025-06-30T22:43:06","slug":"calidad-educativa-desarrollo-de-software-2","status":"publish","type":"page","link":"http:\/\/intsuperior.edu.ec\/?page_id=3319","title":{"rendered":"INNOVACI\u00d3N  EN EL  SABER  HACER  DESARROLLO DE SOFTWARE"},"content":{"rendered":"<div class=\"\" style=\"\" >\n    \n    <section class=\"u-align-center u-clearfix u-container-align-center u-image u-shading u-section-2\" id=\"sec-28b4\" data-image-width=\"1920\" data-image-height=\"1080\" style=\"background-image: linear-gradient(0deg, rgba(0, 0, 0, 0.4), rgba(0, 0, 0, 0.4)), url(&quot;http:\/\/intsuperior.edu.ec\/wp-content\/uploads\/2024\/11\/MTP-Formacion-curso-arquitectura-software.jpg&quot;);\">\n      <div class=\"u-clearfix u-sheet u-sheet-1\"><\/div>\n    <\/section>\n    <section class=\"u-clearfix u-grey-80 u-section-3\" id=\"sec-a980\">\n      <div class=\"u-clearfix u-sheet u-sheet-1\">\n        <h2 class=\"u-align-center u-text u-text-default u-text-1\">Bienvenido <\/h2>\n      <\/div>\n    <\/section>\n    <section class=\"u-clearfix u-container-align-center u-grey-5 u-section-4\" id=\"sec-bb90\">\n      <div class=\"u-clearfix u-sheet u-valign-top u-sheet-1\">\n        <div class=\"data-layout-selected u-clearfix u-expanded-width u-gutter-10 u-layout-wrap u-layout-wrap-1\">\n          <div class=\"u-layout\" style=\"\">\n            <div class=\"u-layout-row\" style=\"\">\n              <div class=\"u-container-style u-grey-5 u-layout-cell u-left-cell u-size-30 u-size-xs-60 u-layout-cell-1\" src=\"\">\n                <div class=\"u-container-layout u-container-layout-1\">\n                  <h2 class=\"u-align-center u-text u-text-default u-text-1\">INNOVACI\u00d3N EN EL <span class=\"u-text-palette-2-base\">SABER HACER <\/span>\n                    <br>\n                  <\/h2>\n                  <p class=\"u-align-justify u-large-text u-text u-text-variant u-text-2\"> Brinda\nherramientas t\u00e9cnicas y metodol\u00f3gicas para el dise\u00f1o y construcci\u00f3n de\naplicaciones m\u00f3viles funcionales, atractivas y orientadas a la soluci\u00f3n de\nnecesidades reales en diversos contextos.\nSu\nenfoque va m\u00e1s all\u00e1 de la teor\u00eda y la programaci\u00f3n en aula, integr\u00e1ndose\nactivamente en proyectos reales, como el <b>Desaf\u00edo TuAPP<\/b>, un reto\nacad\u00e9mico-tecnol\u00f3gico donde los estudiantes desarrollan aplicaciones m\u00f3viles\ninnovadoras en respuesta a problem\u00e1ticas sociales, educativas y comerciales.&nbsp;<br>\n                    <br>Las propuestas abarcan tem\u00e1ticas como: comercio electr\u00f3nico local, inclusi\u00f3n\neducativa, automatizaci\u00f3n dom\u00e9stica, salud y bienestar, entre otras.\nLa\ncarrera de Desarrollo de Software fue uno de los finalistas del torneo\nInternacional Universitario de APPS organizado por TuApp2023\n                  <\/p>\n                  <p class=\"u-align-center u-text u-text-3\">Sample text. Lorem ipsum dolor sit amet, consectetur adipiscing elit nullam nunc justo sagittis suscipit ultrices.<\/p>\n                <\/div>\n              <\/div>\n              <div class=\"u-align-center u-container-style u-image u-layout-cell u-right-cell u-size-30 u-size-xs-60 u-image-1\" src=\"\" data-image-width=\"567\" data-image-height=\"573\" style=\"background-image: url(&quot;http:\/\/intsuperior.edu.ec\/wp-content\/uploads\/2025\/07\/tu-app.jpg&quot;);\">\n                <div class=\"u-container-layout u-valign-middle u-container-layout-2\" src=\"\"><\/div>\n              <\/div>\n            <\/div>\n          <\/div>\n        <\/div>\n      <\/div>\n    <\/section>\n    \n    \n    \n    \n  \n<\/div>","protected":false},"excerpt":{"rendered":"<p>Bienvenido INNOVACI\u00d3N EN EL SABER HACER Brinda herramientas t\u00e9cnicas y metodol\u00f3gicas para el dise\u00f1o y construcci\u00f3n de aplicaciones m\u00f3viles funcionales, [&hellip;]<\/p>\n","protected":false},"author":4,"featured_media":0,"parent":0,"menu_order":0,"comment_status":"closed","ping_status":"closed","template":"","meta":{"site-sidebar-layout":"default","site-content-layout":"","ast-site-content-layout":"default","site-content-style":"default","site-sidebar-style":"default","ast-global-header-display":"","ast-banner-title-visibility":"","ast-main-header-display":"","ast-hfb-above-header-display":"","ast-hfb-below-header-display":"","ast-hfb-mobile-header-display":"","site-post-title":"","ast-breadcrumbs-content":"","ast-featured-img":"","footer-sml-layout":"","theme-transparent-header-meta":"default","adv-header-id-meta":"","stick-header-meta":"","header-above-stick-meta":"","header-main-stick-meta":"","header-below-stick-meta":"","astra-migrate-meta-layouts":"set","ast-page-background-enabled":"default","ast-page-background-meta":{"desktop":{"background-color":"var(--ast-global-color-4)","background-image":"","background-repeat":"repeat","background-position":"center center","background-size":"auto","background-attachment":"scroll","background-type":"","background-media":"","overlay-type":"","overlay-color":"","overlay-gradient":""},"tablet":{"background-color":"","background-image":"","background-repeat":"repeat","background-position":"center center","background-size":"auto","background-attachment":"scroll","background-type":"","background-media":"","overlay-type":"","overlay-color":"","overlay-gradient":""},"mobile":{"background-color":"","background-image":"","background-repeat":"repeat","background-position":"center center","background-size":"auto","background-attachment":"scroll","background-type":"","background-media":"","overlay-type":"","overlay-color":"","overlay-gradient":""}},"ast-content-background-meta":{"desktop":{"background-color":"var(--ast-global-color-5)","background-image":"","background-repeat":"repeat","background-position":"center center","background-size":"auto","background-attachment":"scroll","background-type":"","background-media":"","overlay-type":"","overlay-color":"","overlay-gradient":""},"tablet":{"background-color":"var(--ast-global-color-5)","background-image":"","background-repeat":"repeat","background-position":"center center","background-size":"auto","background-attachment":"scroll","background-type":"","background-media":"","overlay-type":"","overlay-color":"","overlay-gradient":""},"mobile":{"background-color":"var(--ast-global-color-5)","background-image":"","background-repeat":"repeat","background-position":"center center","background-size":"auto","background-attachment":"scroll","background-type":"","background-media":"","overlay-type":"","overlay-color":"","overlay-gradient":""}},"footnotes":""},"_links":{"self":[{"href":"http:\/\/intsuperior.edu.ec\/index.php?rest_route=\/wp\/v2\/pages\/3319"}],"collection":[{"href":"http:\/\/intsuperior.edu.ec\/index.php?rest_route=\/wp\/v2\/pages"}],"about":[{"href":"http:\/\/intsuperior.edu.ec\/index.php?rest_route=\/wp\/v2\/types\/page"}],"author":[{"embeddable":true,"href":"http:\/\/intsuperior.edu.ec\/index.php?rest_route=\/wp\/v2\/users\/4"}],"replies":[{"embeddable":true,"href":"http:\/\/intsuperior.edu.ec\/index.php?rest_route=%2Fwp%2Fv2%2Fcomments&post=3319"}],"version-history":[{"count":7,"href":"http:\/\/intsuperior.edu.ec\/index.php?rest_route=\/wp\/v2\/pages\/3319\/revisions"}],"predecessor-version":[{"id":6418,"href":"http:\/\/intsuperior.edu.ec\/index.php?rest_route=\/wp\/v2\/pages\/3319\/revisions\/6418"}],"wp:attachment":[{"href":"http:\/\/intsuperior.edu.ec\/index.php?rest_route=%2Fwp%2Fv2%2Fmedia&parent=3319"}],"curies":[{"name":"wp","href":"https:\/\/api.w.org\/{rel}","templated":true}]}}