{"id":3312,"date":"2024-12-13T01:48:44","date_gmt":"2024-12-12T20:48:44","guid":{"rendered":"http:\/\/intsuperior.edu.ec\/?page_id=3312"},"modified":"2025-07-02T03:02:36","modified_gmt":"2025-07-01T22:02:36","slug":"calidad-educativa-desarrollo-de-software","status":"publish","type":"page","link":"http:\/\/intsuperior.edu.ec\/?page_id=3312","title":{"rendered":"CALIDAD EDUCATIVA  DESARROLLO DE  SOFTWARE"},"content":{"rendered":"<div class=\"\" style=\"\" >\n    \n    <section class=\"u-clearfix u-container-align-center u-image u-section-2\" id=\"sec-2ee5\" data-image-width=\"1280\" data-image-height=\"719\" style=\"background-image: url(&quot;http:\/\/intsuperior.edu.ec\/wp-content\/uploads\/2024\/11\/1709091587130.png&quot;);\">\n      <div class=\"u-clearfix u-sheet u-sheet-1\"><\/div>\n    <\/section>\n    <section class=\"u-clearfix u-section-3\" id=\"sec-f529\">\n      <div class=\"u-clearfix u-sheet u-sheet-1\">\n        <h2 class=\"u-text u-text-default u-text-palette-2-base u-text-1\">\n          <span class=\"u-text-grey-75\">Calidad<\/span> Educativa \n        <\/h2>\n      <\/div>\n    <\/section>\n    <section class=\"u-clearfix u-grey-75 u-section-4\" id=\"sec-4ad9\">\n      <div class=\"u-clearfix u-sheet u-sheet-1\">\n        <div class=\"data-layout-selected u-clearfix u-expanded-width u-gutter-10 u-layout-wrap u-layout-wrap-1\">\n          <div class=\"u-layout\" style=\"\">\n            <div class=\"u-layout-row\" style=\"\">\n              <div class=\"u-container-style u-grey-75 u-layout-cell u-left-cell u-size-30 u-size-xs-60 u-layout-cell-1\" src=\"\">\n                <div class=\"u-container-layout u-valign-bottom u-container-layout-1\">\n                  <p class=\"u-align-center u-text u-text-1\">Sample text. Lorem ipsum dolor sit amet, consectetur adipiscing elit nullam nunc justo sagittis suscipit ultrices.<\/p>\n                  <p class=\"u-align-justify u-large-text u-text u-text-variant u-text-2\">\n                    <span class=\"u-text-palette-2-base\">\n                      <span style=\"font-weight: 700;\">APP SMART<\/span>\n                    <\/span>\n                    <span style=\"font-weight: 700;\">&nbsp;ALARMA INTELIGENTE<\/span>, \u200bSistema Inteligente de Emergencias para Cayambe: Tecnolog\u00eda que Salva Vidas y Transforma la Educaci\u00f3n en Software.&nbsp;<br>\n                    <br>Imagina un sistema que no solo optimiza la respuesta ante emergencias en Cayambe, sino que tambi\u00e9n se convierte en un&nbsp;laboratorio vivo&nbsp;para futuros tecn\u00f3logos en Desarrollo&nbsp; de Software.&nbsp;<br>\n                    <br>Este proyecto integra una&nbsp;app m\u00f3vil con geolocalizaci\u00f3n, un&nbsp;microcontrolador ESP32&nbsp;y una&nbsp;plataforma web en Firebase, creando un ecosistema tecnol\u00f3gico que salva vidas. Los ciudadanos reportan emergencias con un clic, el ECU 911 recibe alertas en tiempo real, y una sirena f\u00edsica se activa autom\u00e1ticamente junto con notificaciones a contactos de emergencia.&nbsp;<br>\n                    <br>\n                    <br>\n                  <\/p>\n                <\/div>\n              <\/div>\n              <div class=\"u-align-center u-container-align-center u-container-style u-image u-layout-cell u-right-cell u-size-30 u-size-xs-60 u-image-1\" src=\"\" data-image-width=\"1200\" data-image-height=\"900\" style=\"background-image: url(&quot;http:\/\/intsuperior.edu.ec\/wp-content\/uploads\/2025\/07\/WhatsAppImage2025-07-01at16.37.00.jpeg&quot;);\">\n                <div class=\"u-container-layout u-container-layout-2\" src=\"\"><\/div>\n              <\/div>\n            <\/div>\n          <\/div>\n        <\/div>\n      <\/div>\n    <\/section>\n    <section class=\"u-clearfix u-white u-section-5\" id=\"carousel_6a9a\">\n      <div class=\"u-clearfix u-sheet u-sheet-1\">\n        <div class=\"data-layout-selected u-clearfix u-expanded-width u-gutter-10 u-layout-wrap u-layout-wrap-1\">\n          <div class=\"u-layout\" style=\"\">\n            <div class=\"u-layout-row\" style=\"\">\n              <div class=\"u-align-center u-container-align-center u-container-style u-image u-layout-cell u-left-cell u-size-30 u-size-xs-60 u-image-1\" src=\"\" data-image-width=\"1600\" data-image-height=\"900\" style=\"background-image: url(&quot;http:\/\/intsuperior.edu.ec\/wp-content\/uploads\/2025\/07\/WhatsAppImage2025-07-01at16.37.01.jpeg&quot;);\">\n                <div class=\"u-container-layout u-valign-middle u-container-layout-1\" src=\"\"><\/div>\n              <\/div>\n              <div class=\"u-container-style u-layout-cell u-right-cell u-size-30 u-size-xs-60 u-video-cover u-white u-layout-cell-2\" src=\"\">\n                <div class=\"u-container-layout u-container-layout-2\">\n                  <p class=\"u-align-center u-text u-text-1\">Sample text. Lorem ipsum dolor sit amet, consectetur adipiscing elit nullam nunc justo sagittis suscipit ultrices.<\/p>\n                  <p class=\"u-align-justify u-large-text u-text u-text-variant u-text-2\">\n                    <span class=\"u-text-palette-2-base\">\n                      <span style=\"font-weight: 700;\"><\/span>\n                    <\/span>Los estudiantes de Desarrollo de Software aplican conocimientos en lenguajes como JavaScript, Python y C++, dominan arquitecturas escalables y trabajan con APIs reales (Google Maps, Firebase).&nbsp;<br>\n                    <br>Aqu\u00ed, la teor\u00eda se vuelve acci\u00f3n: enfrentan desaf\u00edos como la seguridad de datos, la latencia en comunicaciones y la accesibilidad, desarrollando&nbsp;habilidades t\u00e9cnicas y blandas&nbsp;clave para la industria.<br>\n                    <br>Cada l\u00ednea de c\u00f3digo escrita es un paso hacia una carrera profesional s\u00f3lida y un futuro donde la tecnolog\u00eda sirve a la comunidad.&nbsp;Innovaci\u00f3n que educa, protege y conecta.<br>\n                  <\/p>\n                <\/div>\n              <\/div>\n            <\/div>\n          <\/div>\n        <\/div>\n      <\/div>\n    <\/section>\n    \n    \n    \n    \n  \n<\/div>","protected":false},"excerpt":{"rendered":"<p>Calidad Educativa Sample text. Lorem ipsum dolor sit amet, consectetur adipiscing elit nullam nunc justo sagittis suscipit ultrices. APP SMART [&hellip;]<\/p>\n","protected":false},"author":4,"featured_media":0,"parent":0,"menu_order":0,"comment_status":"closed","ping_status":"closed","template":"","meta":{"site-sidebar-layout":"default","site-content-layout":"","ast-site-content-layout":"default","site-content-style":"default","site-sidebar-style":"default","ast-global-header-display":"","ast-banner-title-visibility":"","ast-main-header-display":"","ast-hfb-above-header-display":"","ast-hfb-below-header-display":"","ast-hfb-mobile-header-display":"","site-post-title":"","ast-breadcrumbs-content":"","ast-featured-img":"","footer-sml-layout":"","theme-transparent-header-meta":"default","adv-header-id-meta":"","stick-header-meta":"","header-above-stick-meta":"","header-main-stick-meta":"","header-below-stick-meta":"","astra-migrate-meta-layouts":"set","ast-page-background-enabled":"default","ast-page-background-meta":{"desktop":{"background-color":"var(--ast-global-color-4)","background-image":"","background-repeat":"repeat","background-position":"center center","background-size":"auto","background-attachment":"scroll","background-type":"","background-media":"","overlay-type":"","overlay-color":"","overlay-gradient":""},"tablet":{"background-color":"","background-image":"","background-repeat":"repeat","background-position":"center center","background-size":"auto","background-attachment":"scroll","background-type":"","background-media":"","overlay-type":"","overlay-color":"","overlay-gradient":""},"mobile":{"background-color":"","background-image":"","background-repeat":"repeat","background-position":"center center","background-size":"auto","background-attachment":"scroll","background-type":"","background-media":"","overlay-type":"","overlay-color":"","overlay-gradient":""}},"ast-content-background-meta":{"desktop":{"background-color":"var(--ast-global-color-5)","background-image":"","background-repeat":"repeat","background-position":"center center","background-size":"auto","background-attachment":"scroll","background-type":"","background-media":"","overlay-type":"","overlay-color":"","overlay-gradient":""},"tablet":{"background-color":"var(--ast-global-color-5)","background-image":"","background-repeat":"repeat","background-position":"center center","background-size":"auto","background-attachment":"scroll","background-type":"","background-media":"","overlay-type":"","overlay-color":"","overlay-gradient":""},"mobile":{"background-color":"var(--ast-global-color-5)","background-image":"","background-repeat":"repeat","background-position":"center center","background-size":"auto","background-attachment":"scroll","background-type":"","background-media":"","overlay-type":"","overlay-color":"","overlay-gradient":""}},"footnotes":""},"_links":{"self":[{"href":"http:\/\/intsuperior.edu.ec\/index.php?rest_route=\/wp\/v2\/pages\/3312"}],"collection":[{"href":"http:\/\/intsuperior.edu.ec\/index.php?rest_route=\/wp\/v2\/pages"}],"about":[{"href":"http:\/\/intsuperior.edu.ec\/index.php?rest_route=\/wp\/v2\/types\/page"}],"author":[{"embeddable":true,"href":"http:\/\/intsuperior.edu.ec\/index.php?rest_route=\/wp\/v2\/users\/4"}],"replies":[{"embeddable":true,"href":"http:\/\/intsuperior.edu.ec\/index.php?rest_route=%2Fwp%2Fv2%2Fcomments&post=3312"}],"version-history":[{"count":18,"href":"http:\/\/intsuperior.edu.ec\/index.php?rest_route=\/wp\/v2\/pages\/3312\/revisions"}],"predecessor-version":[{"id":6422,"href":"http:\/\/intsuperior.edu.ec\/index.php?rest_route=\/wp\/v2\/pages\/3312\/revisions\/6422"}],"wp:attachment":[{"href":"http:\/\/intsuperior.edu.ec\/index.php?rest_route=%2Fwp%2Fv2%2Fmedia&parent=3312"}],"curies":[{"name":"wp","href":"https:\/\/api.w.org\/{rel}","templated":true}]}}