{"id":3289,"date":"2024-12-13T00:37:37","date_gmt":"2024-12-12T19:37:37","guid":{"rendered":"http:\/\/intsuperior.edu.ec\/?page_id=3289"},"modified":"2025-08-05T07:06:02","modified_gmt":"2025-08-05T02:06:02","slug":"planta-docente-especializada-diseno-grafico","status":"publish","type":"page","link":"http:\/\/intsuperior.edu.ec\/?page_id=3289","title":{"rendered":"PLANTA DOCENTE ESPECIALIZADA DISE\u00d1O GR\u00c1FICO"},"content":{"rendered":"<div class=\"\" style=\"\" >\n    \n    <section class=\"u-align-center u-clearfix u-container-align-center u-image u-shading u-section-2\" id=\"sec-aae9\" data-image-width=\"1440\" data-image-height=\"500\" style=\"background-image: linear-gradient(0deg, rgba(0, 0, 0, 0.1), rgba(0, 0, 0, 0.1)), url(&quot;http:\/\/intsuperior.edu.ec\/wp-content\/uploads\/2025\/05\/planta-docente.jpg&quot;);\">\n      <div class=\"u-clearfix u-sheet u-sheet-1\"><\/div>\n    <\/section>\n    <section class=\"u-clearfix u-grey-75 u-section-3\" id=\"sec-f13a\">\n      <div class=\"data-layout-selected u-clearfix u-gutter-0 u-layout-wrap u-layout-wrap-1\">\n        <div class=\"u-gutter-0 u-layout\">\n          <div class=\"u-layout-row\">\n            <div class=\"u-container-style u-layout-cell u-left-cell u-size-60 u-layout-cell-1\">\n              <div class=\"u-container-layout u-container-layout-1\">\n                <h2 class=\"u-align-center u-text u-text-white u-text-1\"> PLANTA DOCENTE&nbsp;<br>ESPECIALIZADA&nbsp;DGM\n                <\/h2>\n                <p class=\"u-align-left u-text u-text-2\">\n                  <font style=\"vertical-align: inherit;\">\n                    <font style=\"vertical-align: inherit;\">\n                      <font style=\"vertical-align: inherit;\">\n                        <font style=\"vertical-align: inherit;\">\n                          <font style=\"vertical-align: inherit;\">\n                            <font style=\"vertical-align: inherit;\">\n                              <font style=\"vertical-align: inherit;\">\n                                <font style=\"vertical-align: inherit;\">\n                                  <font style=\"vertical-align: inherit;\">\n                                    <font style=\"vertical-align: inherit;\">\n                                      <font style=\"vertical-align: inherit;\">\n                                        <font style=\"vertical-align: inherit;\">Texto de muestra. Haz clic para seleccionar el elemento de Texto.<\/font>\n                                      <\/font>\n                                    <\/font>\n                                  <\/font>\n                                <\/font>\n                              <\/font>\n                            <\/font>\n                          <\/font>\n                        <\/font>\n                      <\/font>\n                    <\/font>\n                  <\/font>\n                <\/p>\n                <p class=\"u-align-left u-text u-text-3\">\n                  <font style=\"vertical-align: inherit;\">\n                    <font style=\"vertical-align: inherit;\">\n                      <font style=\"vertical-align: inherit;\">\n                        <font style=\"vertical-align: inherit;\">\n                          <font style=\"vertical-align: inherit;\">\n                            <font style=\"vertical-align: inherit;\">\n                              <font style=\"vertical-align: inherit;\">\n                                <font style=\"vertical-align: inherit;\">\n                                  <font style=\"vertical-align: inherit;\">\n                                    <font style=\"vertical-align: inherit;\">\n                                      <font style=\"vertical-align: inherit;\">\n                                        <font style=\"vertical-align: inherit;\">350 5ta Avenida, Nueva York, NY 10118<\/font>\n                                      <\/font>\n                                    <\/font>\n                                  <\/font>\n                                <\/font>\n                              <\/font>\n                            <\/font>\n                          <\/font>\n                        <\/font>\n                      <\/font>\n                    <\/font>\n                  <\/font>\n                <\/p>\n              <\/div>\n            <\/div>\n          <\/div>\n        <\/div>\n      <\/div>\n    <\/section>\n    <section class=\"u-clearfix u-grey-5 u-section-4\" id=\"carousel_9d60\">\n      <div class=\"u-clearfix u-sheet u-sheet-1\">\n        <div class=\"data-layout-selected u-clearfix u-expanded-width u-gutter-10 u-layout-wrap u-layout-wrap-1\">\n          <div class=\"u-layout\" style=\"\">\n            <div class=\"u-layout-row\" style=\"\">\n              <div class=\"u-align-center u-container-align-center u-container-style u-image u-layout-cell u-left-cell u-size-30 u-size-xs-60 u-image-1\" src=\"\" data-image-width=\"2048\" data-image-height=\"1681\" style=\"background-image: url(&quot;http:\/\/intsuperior.edu.ec\/wp-content\/uploads\/2025\/03\/20250122_164011-2048x1681.jpg&quot;);\">\n                <div class=\"u-container-layout u-container-layout-1\" src=\"\"><\/div>\n              <\/div>\n              <div class=\"u-container-style u-grey-80 u-layout-cell u-right-cell u-size-30 u-size-xs-60 u-layout-cell-2\" src=\"\">\n                <div class=\"u-container-layout u-container-layout-2\">\n                  <p class=\"u-align-center u-text u-text-1\">Sample text. Lorem ipsum dolor sit amet, consectetur adipiscing elit nullam nunc justo sagittis suscipit ultrices.<\/p>\n                  <h6 class=\"u-align-left u-text u-text-2\">\n                    <span style=\"font-weight: 700; font-style: italic;\"> Mgs. Vanesa Estefan\u00eda Cajo Guallasamin <\/span>\n                    <br>\n                    <span class=\"u-text-palette-2-base\">Coordinadora<\/span>\n                    <br> Ingeniera en Dise\u00f1o Gr\u00e1fico Empresarial&nbsp;<br>M\u00e1ster Universitario en Dise\u00f1o Gr\u00e1fico Digital.\n                  <\/h6>\n                  <p class=\"u-align-center u-text u-text-3\">JKHJKHJK<\/p>\n                  <h6 class=\"u-align-justify u-text u-text-4\"> Capacitada en nuevas tendencias de dise\u00f1o, inteligencia artificial, certificaciones en comunicaci\u00f3n visual, redes sociales, imprenta, editorial, publicidad. Propietaria de VIP Dise\u00f1o y Publicidad. Aportando al crecimiento del dise\u00f1ador INT.<\/h6>\n                <\/div>\n              <\/div>\n            <\/div>\n          <\/div>\n        <\/div>\n      <\/div>\n    <\/section>\n    <section class=\"u-clearfix u-grey-5 u-section-5\" id=\"carousel_e39d\">\n      <div class=\"u-clearfix u-sheet u-valign-middle u-sheet-1\">\n        <div class=\"data-layout-selected u-clearfix u-gutter-10 u-layout-wrap u-layout-wrap-1\">\n          <div class=\"u-layout\" style=\"\">\n            <div class=\"u-layout-row\" style=\"\">\n              <div class=\"u-container-style u-grey-80 u-layout-cell u-left-cell u-size-30 u-size-xs-60 u-layout-cell-1\" src=\"\">\n                <div class=\"u-container-layout u-valign-bottom u-container-layout-1\">\n                  <p class=\"u-align-center u-text u-text-1\">Sample text. Lorem ipsum dolor sit amet, consectetur adipiscing elit nullam nunc justo sagittis suscipit ultrices.<\/p>\n                  <h6 class=\"u-align-left u-text u-text-2\">\n                    <span style=\"font-weight: 700; font-style: italic;\"> Mgs. Jimmy Fernando Valencia Vaca<\/span>\n                    <br>\n                    <span class=\"u-text-palette-2-base\"> Sub Coordinador \/ Coordinador Comunicaci\u00f3n<\/span>\n                    <br> Licenciado en Dise\u00f1o Gr\u00e1fico.&nbsp;<br>Mag\u00edster en Gesti\u00f3n del Dise\u00f1o.\n                  <\/h6>\n                  <p class=\"u-align-center u-text u-text-3\">JKHJKHJK<\/p>\n                  <h6 class=\"u-align-justify u-text u-text-4\">\n                    <span class=\"u-text-palette-2-base\"><\/span>Experiencia en identidad gr\u00e1fica, dise\u00f1o editorial, publicitario, packaging, fotograf\u00eda, textiles, elaboraci\u00f3n, maquetaci\u00f3n y armado de artes finales para pre- prensa; conforme a las demandas de cartera de clientes que maneja la empresa.\n                  <\/h6>\n                <\/div>\n              <\/div>\n              <div class=\"u-align-center u-container-align-center u-container-style u-image u-layout-cell u-right-cell u-size-30 u-size-xs-60 u-image-1\" src=\"\" data-image-width=\"2048\" data-image-height=\"1536\" style=\"background-image: url(&quot;http:\/\/intsuperior.edu.ec\/wp-content\/uploads\/2025\/02\/20250204_144101.1-2048x1536.jpg&quot;);\">\n                <div class=\"u-container-layout u-container-layout-2\" src=\"\"><\/div>\n              <\/div>\n            <\/div>\n          <\/div>\n        <\/div>\n      <\/div>\n    <\/section>\n    <section class=\"u-clearfix u-grey-5 u-section-6\" id=\"carousel_943e\">\n      <div class=\"u-clearfix u-sheet u-sheet-1\">\n        <div class=\"data-layout-selected u-clearfix u-expanded-width u-gutter-10 u-layout-wrap u-layout-wrap-1\">\n          <div class=\"u-layout\" style=\"\">\n            <div class=\"u-layout-row\" style=\"\">\n              <div class=\"u-container-style u-grey-15 u-layout-cell u-left-cell u-size-30 u-size-xs-60 u-layout-cell-1\" src=\"\">\n                <div class=\"u-container-layout u-valign-bottom u-container-layout-1\">\n                  <p class=\"u-align-center u-text u-text-1\">Sample text. Lorem ipsum dolor sit amet, consectetur adipiscing elit nullam nunc justo sagittis suscipit ultrices.<\/p>\n                  <h6 class=\"u-align-left u-text u-text-2\">\n                    <span style=\"font-weight: 700; font-style: italic;\">Mgs. Carlos Eduardo Lema \u00d1acato<\/span>\n                    <br>\n                    <span class=\"u-text-palette-2-base\">Docente <\/span>\n                    <br> Ingeniero en Dise\u00f1o Gr\u00e1fico y\nComunicaci\u00f3n Visual.\n                  <\/h6>\n                  <p class=\"u-align-center u-text u-text-3\">JKHJKHJK<\/p>\n                  <h6 class=\"u-align-justify u-text u-text-4\"> Profesional en la docencia e investigaci\u00f3n, a trav\u00e9s de charlas internacionales y publicaciones en revistas indexadas. Mi objetivo es orientar a la juventud formando profesionales vers\u00e1tiles a las necesidades del cliente.<\/h6>\n                <\/div>\n              <\/div>\n              <div class=\"u-align-center u-container-align-center u-container-style u-image u-layout-cell u-right-cell u-size-30 u-size-xs-60 u-image-1\" src=\"\" data-image-width=\"3763\" data-image-height=\"3348\" style=\"background-image: url(&quot;http:\/\/intsuperior.edu.ec\/wp-content\/uploads\/2025\/03\/20250122_162020-scaled.jpg&quot;);\">\n                <div class=\"u-container-layout u-container-layout-2\" src=\"\"><\/div>\n              <\/div>\n            <\/div>\n          <\/div>\n        <\/div>\n      <\/div>\n    <\/section>\n    <section class=\"u-clearfix u-grey-5 u-section-7\" id=\"carousel_8c5d\">\n      <div class=\"u-clearfix u-sheet u-valign-middle u-sheet-1\">\n        <div class=\"data-layout-selected u-clearfix u-expanded-width u-gutter-10 u-layout-wrap u-layout-wrap-1\">\n          <div class=\"u-layout\" style=\"\">\n            <div class=\"u-layout-row\" style=\"\">\n              <div class=\"u-align-center u-container-align-center u-container-style u-image u-layout-cell u-left-cell u-size-30 u-size-xs-60 u-image-1\" src=\"\" data-image-width=\"3978\" data-image-height=\"3397\" style=\"background-image: url(&quot;http:\/\/intsuperior.edu.ec\/wp-content\/uploads\/2025\/03\/20250122_155617.1-scaled.jpg&quot;);\">\n                <div class=\"u-container-layout u-container-layout-1\" src=\"\"><\/div>\n              <\/div>\n              <div class=\"u-container-style u-grey-80 u-layout-cell u-right-cell u-size-30 u-size-xs-60 u-layout-cell-2\" src=\"\">\n                <div class=\"u-container-layout u-container-layout-2\">\n                  <p class=\"u-align-center u-text u-text-1\">Sample text. Lorem ipsum dolor sit amet, consectetur adipiscing elit nullam nunc justo sagittis suscipit ultrices.<\/p>\n                  <h6 class=\"u-align-left u-text u-text-2\">\n                    <span style=\"font-weight: 700; font-style: italic;\"> Ing. Diego Israel Vaca Almeida<\/span>\n                    <br>\n                    <span class=\"u-text-palette-2-base\">Docente <\/span>\n                    <br> Ingeniero en Dise\u00f1o Gr\u00e1fico\n                  <\/h6>\n                  <p class=\"u-align-center u-text u-text-3\">JKHJKHJK<\/p>\n                  <h6 class=\"u-align-justify u-text u-text-4\">\n                    <span class=\"u-text-palette-2-base\"><\/span> Creador de las siglas INT, promoci\u00f3n de la nueva marca e imagen del instituto, experticia en Fotograf\u00eda, Software de tratamiento de Imagen, Edici\u00f3n de Audio y video, Multimedia. Siempre aportando y apoyando al engrandeciendo del INT.\n                  <\/h6>\n                <\/div>\n              <\/div>\n            <\/div>\n          <\/div>\n        <\/div>\n      <\/div>\n    <\/section>\n    <section class=\"u-clearfix u-grey-5 u-section-8\" id=\"carousel_8f20\">\n      <div class=\"u-clearfix u-sheet u-valign-middle u-sheet-1\">\n        <div class=\"data-layout-selected u-clearfix u-expanded-width u-gutter-10 u-layout-wrap u-layout-wrap-1\">\n          <div class=\"u-layout\" style=\"\">\n            <div class=\"u-layout-row\" style=\"\">\n              <div class=\"u-container-style u-grey-10 u-layout-cell u-left-cell u-size-30 u-size-xs-60 u-layout-cell-1\" src=\"\">\n                <div class=\"u-container-layout u-valign-bottom u-container-layout-1\">\n                  <p class=\"u-align-center u-text u-text-1\">Sample text. Lorem ipsum dolor sit amet, consectetur adipiscing elit nullam nunc justo sagittis suscipit ultrices.<\/p>\n                  <h6 class=\"u-align-left u-text u-text-2\">\n                    <span style=\"font-weight: 700; font-style: italic;\"> Ing.Omar Joel Pupiales P\u00e1ez<\/span>\n                    <br>\n                    <span class=\"u-text-palette-2-base\">&nbsp;Docente&nbsp; <\/span>\n                    <br> Ingeniero en Dise\u00f1o Gr\u00e1fico y Comunicaci\u00f3n Visual\n                  <\/h6>\n                  <p class=\"u-align-center u-text u-text-3\">JKHJKHJK<\/p>\n                  <h6 class=\"u-align-justify u-text u-text-4\">\n                    <span class=\"u-text-palette-2-base\"><\/span>Apasionado por la creaci\u00f3n de experiencias visuales impactantes y envolventes, transmitiendo mensajes de manera efectiva y cautivadora, manejo de nuevas tecnolog\u00edas y t\u00e9cnicas para estar actualizado en el campo del dise\u00f1o y la animacion 3D y la comunicaci\u00f3n.\n                  <\/h6>\n                <\/div>\n              <\/div>\n              <div class=\"u-align-center u-container-align-center u-container-style u-image u-layout-cell u-right-cell u-size-30 u-size-xs-60 u-image-1\" src=\"\" data-image-width=\"3075\" data-image-height=\"2643\" style=\"background-image: url(&quot;http:\/\/intsuperior.edu.ec\/wp-content\/uploads\/2025\/03\/20250122_180941-scaled.jpg&quot;);\">\n                <div class=\"u-container-layout u-container-layout-2\" src=\"\"><\/div>\n              <\/div>\n            <\/div>\n          <\/div>\n        <\/div>\n      <\/div>\n    <\/section>\n    <section class=\"u-clearfix u-grey-5 u-section-9\" id=\"sec-656c\">\n      <div class=\"u-clearfix u-sheet u-valign-middle u-sheet-1\">\n        <div class=\"data-layout-selected u-clearfix u-expanded-width u-gutter-10 u-layout-wrap u-layout-wrap-1\">\n          <div class=\"u-layout\" style=\"\">\n            <div class=\"u-layout-row\" style=\"\">\n              <div class=\"u-align-center u-container-align-center u-container-style u-image u-layout-cell u-left-cell u-size-30 u-size-xs-60 u-image-1\" src=\"\" data-image-width=\"2048\" data-image-height=\"1661\" style=\"background-image: url(&quot;http:\/\/intsuperior.edu.ec\/wp-content\/uploads\/2025\/03\/20250122_1620200.1-2048x1661.jpg&quot;);\">\n                <div class=\"u-container-layout u-container-layout-1\" src=\"\"><\/div>\n              <\/div>\n              <div class=\"u-container-style u-grey-10 u-layout-cell u-right-cell u-size-30 u-size-xs-60 u-layout-cell-2\" src=\"\">\n                <div class=\"u-container-layout u-container-layout-2\">\n                  <p class=\"u-align-center u-text u-text-1\">Sample text. Lorem ipsum dolor sit amet, consectetur adipiscing elit nullam nunc justo sagittis suscipit ultrices.<\/p>\n                  <h6 class=\"u-align-left u-text u-text-2\">\n                    <span style=\"font-style: italic; font-weight: 700;\"> Lcda.\u200bEstefan\u00eda Elizabeth Guerra Hern\u00e1ndez<\/span>\n                    <br>\n                    <span class=\"u-text-palette-2-base\">Docente <\/span>\n                    <br> Licenciada en Dise\u00f1o Gr\u00e1fico y Control de Procesos\n                  <\/h6>\n                  <p class=\"u-align-center u-text u-text-3\">JKHJKHJK<\/p>\n                  <h6 class=\"u-align-justify u-text u-text-4\"> Creadora de la marca Para Dos Clothing, marca exitosa de ropa con reconocimiento local, calidad, experiencia en dise\u00f1o, originalidad, habilidades en t\u00e9cnicas de impresi\u00f3n textil, tendencias de dise\u00f1o, fotograf\u00eda, con un fuerte esp\u00edritu emprendedor<\/h6>\n                <\/div>\n              <\/div>\n            <\/div>\n          <\/div>\n        <\/div>\n      <\/div>\n    <\/section>\n    <section class=\"u-clearfix u-grey-5 u-section-10\" id=\"carousel_1390\">\n      <div class=\"u-clearfix u-sheet u-sheet-1\">\n        <div class=\"data-layout-selected u-clearfix u-gutter-10 u-layout-wrap u-layout-wrap-1\">\n          <div class=\"u-layout\" style=\"\">\n            <div class=\"u-layout-row\" style=\"\">\n              <div class=\"u-container-style u-grey-80 u-layout-cell u-left-cell u-size-30 u-size-xs-60 u-layout-cell-1\" src=\"\">\n                <div class=\"u-container-layout u-container-layout-1\">\n                  <p class=\"u-align-center u-text u-text-1\">Sample text. Lorem ipsum dolor sit amet, consectetur adipiscing elit nullam nunc justo sagittis suscipit ultrices.<\/p>\n                  <h6 class=\"u-align-left u-text u-text-2\">\n                    <span style=\"font-weight: 700; font-style: italic;\"> Lcdo. Bryan Santiago Esparza Constante&nbsp;<\/span>\n                    <br>\n                    <span class=\"u-text-palette-2-base\">Docente <\/span>\n                    <br> Licenciado en Dise\u00f1o Gr\u00e1fico y\nControl de Procesos\n                  <\/h6>\n                  <p class=\"u-align-center u-text u-text-3\">JKHJKHJK<\/p>\n                  <h6 class=\"u-align-justify u-text u-text-4\"> Se enfoca en la formaci\u00f3n de estudiantes capaces de desarrollar piezas gr\u00e1ficas funcionales, eficientes y de alto impacto visual, fomentando el uso de herramientas tecnol\u00f3gicas, metodolog\u00edas \u00e1giles de producci\u00f3n y criterios de mejora continua.<\/h6>\n                <\/div>\n              <\/div>\n              <div class=\"u-align-center u-container-align-center u-container-style u-image u-layout-cell u-right-cell u-size-30 u-size-xs-60 u-image-1\" src=\"\" data-animation-name=\"\" data-animation-duration=\"0\" data-animation-delay=\"0\" data-animation-direction=\"\" data-image-width=\"3616\" data-image-height=\"3468\" style=\"background-image: url(&quot;http:\/\/intsuperior.edu.ec\/wp-content\/uploads\/2025\/05\/20250122_181858-scaled.jpg&quot;);\">\n                <div class=\"u-container-layout u-container-layout-2\" src=\"\"><\/div>\n              <\/div>\n            <\/div>\n          <\/div>\n        <\/div>\n      <\/div>\n    <\/section>\n    \n    \n    \n    \n  \n<\/div>","protected":false},"excerpt":{"rendered":"<p>PLANTA DOCENTE&nbsp;ESPECIALIZADA&nbsp;DGM Texto de muestra. Haz clic para seleccionar el elemento de Texto. 350 5ta Avenida, Nueva York, NY 10118 [&hellip;]<\/p>\n","protected":false},"author":4,"featured_media":0,"parent":0,"menu_order":0,"comment_status":"closed","ping_status":"closed","template":"","meta":{"site-sidebar-layout":"default","site-content-layout":"","ast-site-content-layout":"default","site-content-style":"default","site-sidebar-style":"default","ast-global-header-display":"","ast-banner-title-visibility":"","ast-main-header-display":"","ast-hfb-above-header-display":"","ast-hfb-below-header-display":"","ast-hfb-mobile-header-display":"","site-post-title":"","ast-breadcrumbs-content":"","ast-featured-img":"","footer-sml-layout":"","theme-transparent-header-meta":"default","adv-header-id-meta":"","stick-header-meta":"","header-above-stick-meta":"","header-main-stick-meta":"","header-below-stick-meta":"","astra-migrate-meta-layouts":"set","ast-page-background-enabled":"default","ast-page-background-meta":{"desktop":{"background-color":"var(--ast-global-color-4)","background-image":"","background-repeat":"repeat","background-position":"center center","background-size":"auto","background-attachment":"scroll","background-type":"","background-media":"","overlay-type":"","overlay-color":"","overlay-gradient":""},"tablet":{"background-color":"","background-image":"","background-repeat":"repeat","background-position":"center center","background-size":"auto","background-attachment":"scroll","background-type":"","background-media":"","overlay-type":"","overlay-color":"","overlay-gradient":""},"mobile":{"background-color":"","background-image":"","background-repeat":"repeat","background-position":"center center","background-size":"auto","background-attachment":"scroll","background-type":"","background-media":"","overlay-type":"","overlay-color":"","overlay-gradient":""}},"ast-content-background-meta":{"desktop":{"background-color":"var(--ast-global-color-5)","background-image":"","background-repeat":"repeat","background-position":"center center","background-size":"auto","background-attachment":"scroll","background-type":"","background-media":"","overlay-type":"","overlay-color":"","overlay-gradient":""},"tablet":{"background-color":"var(--ast-global-color-5)","background-image":"","background-repeat":"repeat","background-position":"center center","background-size":"auto","background-attachment":"scroll","background-type":"","background-media":"","overlay-type":"","overlay-color":"","overlay-gradient":""},"mobile":{"background-color":"var(--ast-global-color-5)","background-image":"","background-repeat":"repeat","background-position":"center center","background-size":"auto","background-attachment":"scroll","background-type":"","background-media":"","overlay-type":"","overlay-color":"","overlay-gradient":""}},"footnotes":""},"_links":{"self":[{"href":"http:\/\/intsuperior.edu.ec\/index.php?rest_route=\/wp\/v2\/pages\/3289"}],"collection":[{"href":"http:\/\/intsuperior.edu.ec\/index.php?rest_route=\/wp\/v2\/pages"}],"about":[{"href":"http:\/\/intsuperior.edu.ec\/index.php?rest_route=\/wp\/v2\/types\/page"}],"author":[{"embeddable":true,"href":"http:\/\/intsuperior.edu.ec\/index.php?rest_route=\/wp\/v2\/users\/4"}],"replies":[{"embeddable":true,"href":"http:\/\/intsuperior.edu.ec\/index.php?rest_route=%2Fwp%2Fv2%2Fcomments&post=3289"}],"version-history":[{"count":21,"href":"http:\/\/intsuperior.edu.ec\/index.php?rest_route=\/wp\/v2\/pages\/3289\/revisions"}],"predecessor-version":[{"id":6341,"href":"http:\/\/intsuperior.edu.ec\/index.php?rest_route=\/wp\/v2\/pages\/3289\/revisions\/6341"}],"wp:attachment":[{"href":"http:\/\/intsuperior.edu.ec\/index.php?rest_route=%2Fwp%2Fv2%2Fmedia&parent=3289"}],"curies":[{"name":"wp","href":"https:\/\/api.w.org\/{rel}","templated":true}]}}