{"id":3280,"date":"2024-12-12T23:31:16","date_gmt":"2024-12-12T18:31:16","guid":{"rendered":"http:\/\/intsuperior.edu.ec\/?page_id=3280"},"modified":"2025-05-14T01:33:06","modified_gmt":"2025-05-13T20:33:06","slug":"noticia-importante-diseno-grafico","status":"publish","type":"page","link":"http:\/\/intsuperior.edu.ec\/?page_id=3280","title":{"rendered":"NOTICIA IMPORTANTE DISE\u00d1O GR\u00c1FICO"},"content":{"rendered":"<div class=\"\" style=\"\" >\n    \n    <section class=\"u-align-center u-clearfix u-container-align-center u-image u-shading u-section-2\" id=\"sec-9c5e\" data-image-width=\"750\" data-image-height=\"550\" style=\"background-image: linear-gradient(0deg, rgba(0, 0, 0, 0.4), rgba(0, 0, 0, 0.4)), url(&quot;http:\/\/intsuperior.edu.ec\/wp-content\/uploads\/2025\/01\/estudiantes-diseno-grafico.jpg&quot;);\">\n      <div class=\"u-clearfix u-sheet u-sheet-1\"><\/div>\n    <\/section>\n    <section class=\"u-clearfix u-section-3\" id=\"sec-5921\">\n      <div class=\"u-clearfix u-sheet u-valign-middle u-sheet-1\">\n        <h2 class=\"u-text u-text-default u-text-palette-2-base u-text-1\">Noticias <span class=\"u-text-grey-80\">DGM <\/span>\n          <br>\n        <\/h2>\n      <\/div>\n    <\/section>\n    <section class=\"u-clearfix u-container-align-center u-grey-5 u-section-4\" id=\"carousel_afbd\">\n      <div class=\"u-clearfix u-sheet u-sheet-1\">\n        <div class=\"data-layout-selected u-clearfix u-expanded-width u-gutter-10 u-layout-wrap u-layout-wrap-1\">\n          <div class=\"u-layout\" style=\"\">\n            <div class=\"u-layout-row\" style=\"\">\n              <div class=\"u-container-style u-grey-75 u-layout-cell u-left-cell u-size-30 u-size-xs-60 u-layout-cell-1\" src=\"\">\n                <div class=\"u-container-layout u-container-layout-1\">\n                  <h2 class=\"u-align-center u-text u-text-default u-text-1\">\n                    <span class=\"u-text-palette-2-base\"><\/span>\n                    <span class=\"u-text-white\">\u00a1Descubre tu talento <span class=\"u-text-palette-2-base\">creativo!<\/span>\n                    <\/span>\n                  <\/h2>\n                  <p class=\"u-align-justify u-large-text u-text u-text-variant u-text-2\"> Te invitamos a capacitarte gratuitamente en diversas ramas del Dise\u00f1o Gr\u00e1fico y Multimedia, <br>como la fotograf\u00eda, ilustraci\u00f3n digital, animaci\u00f3n 2d y 3d, dise\u00f1o editorial, branding personal y corporativo, producci\u00f3n audiovisual, inteligencia artificial, y mucho&nbsp; m\u00e1s. <br>\n                    <br>Aprende con proyectos reales, desarrolla tu portafolio y potencia tus habilidades en un espacio colaborativo e innovador.<br>\n                    <br>\u00a1Inscr\u00edbete y transforma tus ideas en grandes proyectos visuales!<br>\n                    <br>\n                  <\/p>\n                  <p class=\"u-align-center u-text u-text-3\">Sample text. Lorem ipsum dolor sit amet, consectetur adipiscing elit nullam nunc justo sagittis suscipit ultrices.<\/p>\n                <\/div>\n              <\/div>\n              <div class=\"u-align-center u-container-style u-image u-layout-cell u-right-cell u-size-30 u-size-xs-60 u-image-1\" src=\"\" data-image-width=\"1280\" data-image-height=\"853\" style=\"background-image: url(&quot;http:\/\/intsuperior.edu.ec\/wp-content\/uploads\/2025\/05\/0bd803cd17b4ae5d95a1cb4784c1a8c8f42c39db6dd4da8dab23b12fba45c1dedd2df06bc3a3b44004d805775c540320318d0eaec2192cb5bbd4d4_1280.jpg&quot;);\">\n                <div class=\"u-container-layout u-valign-middle u-container-layout-2\" src=\"\"><\/div>\n              <\/div>\n            <\/div>\n          <\/div>\n        <\/div>\n      <\/div>\n    <\/section>\n    <section class=\"u-clearfix u-section-5\" id=\"sec-13a8\">\n      <div class=\"u-clearfix u-sheet u-sheet-1\">\n        <a href=\"http:\/\/: https:\/\/aprendergratis.es\/cursos-online\/diseno\/cursos-gratuitos-sobre-diseno-grafico\/\" class=\"u-align-center u-border-none u-btn u-button-style u-hover-palette-2-base u-palette-2-base u-radius u-btn-1\" target=\"_blank\">INSCRIBETE AQUI<\/a>\n      <\/div>\n    <\/section>\n    \n    \n    \n    \n  \n<\/div>","protected":false},"excerpt":{"rendered":"<p>Noticias DGM \u00a1Descubre tu talento creativo! Te invitamos a capacitarte gratuitamente en diversas ramas del Dise\u00f1o Gr\u00e1fico y Multimedia, como [&hellip;]<\/p>\n","protected":false},"author":4,"featured_media":0,"parent":0,"menu_order":0,"comment_status":"closed","ping_status":"closed","template":"","meta":{"site-sidebar-layout":"default","site-content-layout":"","ast-site-content-layout":"default","site-content-style":"default","site-sidebar-style":"default","ast-global-header-display":"","ast-banner-title-visibility":"","ast-main-header-display":"","ast-hfb-above-header-display":"","ast-hfb-below-header-display":"","ast-hfb-mobile-header-display":"","site-post-title":"","ast-breadcrumbs-content":"","ast-featured-img":"","footer-sml-layout":"","theme-transparent-header-meta":"default","adv-header-id-meta":"","stick-header-meta":"","header-above-stick-meta":"","header-main-stick-meta":"","header-below-stick-meta":"","astra-migrate-meta-layouts":"set","ast-page-background-enabled":"default","ast-page-background-meta":{"desktop":{"background-color":"var(--ast-global-color-4)","background-image":"","background-repeat":"repeat","background-position":"center center","background-size":"auto","background-attachment":"scroll","background-type":"","background-media":"","overlay-type":"","overlay-color":"","overlay-gradient":""},"tablet":{"background-color":"","background-image":"","background-repeat":"repeat","background-position":"center center","background-size":"auto","background-attachment":"scroll","background-type":"","background-media":"","overlay-type":"","overlay-color":"","overlay-gradient":""},"mobile":{"background-color":"","background-image":"","background-repeat":"repeat","background-position":"center center","background-size":"auto","background-attachment":"scroll","background-type":"","background-media":"","overlay-type":"","overlay-color":"","overlay-gradient":""}},"ast-content-background-meta":{"desktop":{"background-color":"var(--ast-global-color-5)","background-image":"","background-repeat":"repeat","background-position":"center center","background-size":"auto","background-attachment":"scroll","background-type":"","background-media":"","overlay-type":"","overlay-color":"","overlay-gradient":""},"tablet":{"background-color":"var(--ast-global-color-5)","background-image":"","background-repeat":"repeat","background-position":"center center","background-size":"auto","background-attachment":"scroll","background-type":"","background-media":"","overlay-type":"","overlay-color":"","overlay-gradient":""},"mobile":{"background-color":"var(--ast-global-color-5)","background-image":"","background-repeat":"repeat","background-position":"center center","background-size":"auto","background-attachment":"scroll","background-type":"","background-media":"","overlay-type":"","overlay-color":"","overlay-gradient":""}},"footnotes":""},"_links":{"self":[{"href":"http:\/\/intsuperior.edu.ec\/index.php?rest_route=\/wp\/v2\/pages\/3280"}],"collection":[{"href":"http:\/\/intsuperior.edu.ec\/index.php?rest_route=\/wp\/v2\/pages"}],"about":[{"href":"http:\/\/intsuperior.edu.ec\/index.php?rest_route=\/wp\/v2\/types\/page"}],"author":[{"embeddable":true,"href":"http:\/\/intsuperior.edu.ec\/index.php?rest_route=\/wp\/v2\/users\/4"}],"replies":[{"embeddable":true,"href":"http:\/\/intsuperior.edu.ec\/index.php?rest_route=%2Fwp%2Fv2%2Fcomments&post=3280"}],"version-history":[{"count":5,"href":"http:\/\/intsuperior.edu.ec\/index.php?rest_route=\/wp\/v2\/pages\/3280\/revisions"}],"predecessor-version":[{"id":5956,"href":"http:\/\/intsuperior.edu.ec\/index.php?rest_route=\/wp\/v2\/pages\/3280\/revisions\/5956"}],"wp:attachment":[{"href":"http:\/\/intsuperior.edu.ec\/index.php?rest_route=%2Fwp%2Fv2%2Fmedia&parent=3280"}],"curies":[{"name":"wp","href":"https:\/\/api.w.org\/{rel}","templated":true}]}}