{"id":3094,"date":"2024-12-10T01:24:19","date_gmt":"2024-12-09T20:24:19","guid":{"rendered":"http:\/\/intsuperior.edu.ec\/?page_id=3094"},"modified":"2025-05-31T00:31:46","modified_gmt":"2025-05-30T19:31:46","slug":"3094-2","status":"publish","type":"page","link":"http:\/\/intsuperior.edu.ec\/?page_id=3094","title":{"rendered":"CALIDAD EDUCATIVA  DISE\u00d1O GR\u00c1FICO"},"content":{"rendered":"<div class=\"\" style=\"\" >\n    \n    <section class=\"u-align-center u-clearfix u-container-align-center u-image u-shading u-section-2\" id=\"sec-e02b\" data-image-width=\"1440\" data-image-height=\"500\" style=\"background-image: linear-gradient(0deg, rgba(0, 0, 0, 0.1), rgba(0, 0, 0, 0.1)), url(&quot;http:\/\/intsuperior.edu.ec\/wp-content\/uploads\/2025\/05\/banner-aulab.jpg&quot;);\">\n      <div class=\"u-clearfix u-sheet u-sheet-1\"><\/div>\n    <\/section>\n    <section class=\"u-clearfix u-section-3\" id=\"sec-dddd\">\n      <div class=\"u-clearfix u-sheet u-sheet-1\">\n        <h2 class=\"u-text u-text-default u-text-palette-2-base u-text-1\">\n          <span class=\"u-text-grey-75\">Calidad<\/span> Educativa \n        <\/h2>\n      <\/div>\n    <\/section>\n    <section class=\"u-clearfix u-grey-75 u-section-4\" id=\"sec-f3f4\">\n      <div class=\"u-clearfix u-sheet u-sheet-1\">\n        <div class=\"data-layout-selected u-clearfix u-expanded-width u-gutter-10 u-layout-wrap u-layout-wrap-1\">\n          <div class=\"u-layout\" style=\"\">\n            <div class=\"u-layout-row\" style=\"\">\n              <div class=\"u-container-style u-grey-75 u-layout-cell u-left-cell u-size-30 u-size-xs-60 u-layout-cell-1\" src=\"\">\n                <div class=\"u-container-layout u-container-layout-1\">\n                  <p class=\"u-align-center u-text u-text-1\">Sample text. Lorem ipsum dolor sit amet, consectetur adipiscing elit nullam nunc justo sagittis suscipit ultrices.<\/p>\n                  <p class=\"u-align-justify u-large-text u-text u-text-variant u-text-2\">\n                    <span class=\"u-text-palette-2-base\">\n                      <span style=\"font-weight: 700;\">AULAB<\/span>\n                    <\/span>\n                    <span style=\"font-weight: 700;\"> Taller Profesional<\/span>, se\nconcibe como un laboratorio creativo y colaborativo, en el que los estudiantes,\nguiados por sus docentes, experimentan el proceso completo de dise\u00f1o:\ninvestigaci\u00f3n, conceptualizaci\u00f3n, producci\u00f3n y entrega de soluciones gr\u00e1ficas y\nmultimedia funcionales y de alto impacto.<br>\n                    <br>Se busca visibilizar el\ntalento y conocimiento acad\u00e9mico, fortaleciendo sus competencias profesionales\ny estimulando el pensamiento cr\u00edtico, innovaci\u00f3n y autonom\u00eda.<br>\n                  <\/p>\n                <\/div>\n              <\/div>\n              <div class=\"u-align-center u-container-align-center u-container-style u-layout-cell u-right-cell u-size-30 u-size-xs-60 u-video u-video-cover u-video-1\" src=\"\">\n                <div class=\"u-background-video u-expanded\" style=\"\">\n                  <div class=\"embed-responsive embed-responsive-1\">\n                    <iframe style=\"position: absolute;top: 0;left: 0;width: 100%;height: 100%;\" class=\"embed-responsive-item\" src=\"https:\/\/www.youtube.com\/embed\/yXS7hVc6g4Q?playlist=yXS7hVc6g4Q&amp;loop=1&amp;mute=1&amp;showinfo=0&amp;controls=0&amp;start=0&amp;autoplay=1\" data-autoplay=\"1\" frameborder=\"0\" allowfullscreen=\"\"><\/iframe>\n                  <\/div>\n                  <div class=\"u-video-shading\"><\/div>\n                <\/div>\n                <div class=\"u-container-layout u-valign-middle u-container-layout-2\" src=\"\"><\/div>\n              <\/div>\n            <\/div>\n          <\/div>\n        <\/div>\n      <\/div>\n    <\/section>\n    <section class=\"u-clearfix u-section-5\" id=\"sec-005c\">\n      <div class=\"u-clearfix u-sheet u-sheet-1\">\n        <div class=\"data-layout-selected u-clearfix u-expanded-width u-gutter-50 u-layout-wrap u-layout-wrap-1\">\n          <div class=\"u-layout\">\n            <div class=\"u-layout-row\">\n              <div class=\"u-align-center u-container-align-center u-container-style u-layout-cell u-left-cell u-size-30 u-size-xs-60 u-video u-video-cover u-video-1\" data-animation-name=\"\" data-animation-duration=\"0\" data-animation-delay=\"0\" data-animation-direction=\"\">\n                <div class=\"u-background-video u-expanded\" style=\"\">\n                  <div class=\"embed-responsive embed-responsive-1\">\n                    <iframe style=\"position: absolute;top: 0;left: 0;width: 100%;height: 100%;\" class=\"embed-responsive-item\" src=\"https:\/\/www.youtube.com\/embed\/ormdhuRYPgY?playlist=ormdhuRYPgY&amp;loop=1&amp;mute=1&amp;showinfo=0&amp;controls=0&amp;start=0&amp;autoplay=1\" data-autoplay=\"1\" frameborder=\"0\" allowfullscreen=\"\"><\/iframe>\n                  <\/div>\n                  <div class=\"u-video-shading\"><\/div>\n                <\/div>\n                <div class=\"u-container-layout u-valign-middle u-container-layout-1\"><\/div>\n              <\/div>\n              <div class=\"u-container-style u-layout-cell u-right-cell u-size-30 u-layout-cell-2\">\n                <div class=\"u-container-layout u-container-layout-2\">\n                  <h2 class=\"u-align-left u-text u-text-1\">\n                    <span class=\"u-text-grey-75\">Aulab<\/span>\n                    <span class=\"u-text-palette-2-base\">5.0<\/span>\n                  <\/h2>\n                  <p class=\"u-align-left u-text u-text-2\">Sample text. Click to select the text box. Click again or double click to start editing the text.<\/p>\n                  <h6 class=\"u-align-justify u-text u-text-3\">\n                    <span style=\"font-style: italic; font-weight: 700;\"> Dise\u00f1o y territorio: creando juntos el futuro local.&nbsp;<\/span>\n                    <br>\n                    <br>En esta nueva edici\u00f3n de Aulab, los estudiantes de quinto nivel de la carrera de Dise\u00f1o Gr\u00e1fico y Multimedia, junto con el Municipio de Cayambe y los representantes del departamento de Desarrollo Productivo y Emprendimientos.&nbsp;<br>\n                    <br>Un espacio profesional donde el dise\u00f1o se convierte en una herramienta estrat\u00e9gica para fortalecer identidades, potenciar ideas y dar visibilidad a los proyectos que nacen desde el coraz\u00f3n de la comunidad.\n                  <\/h6>\n                <\/div>\n              <\/div>\n            <\/div>\n          <\/div>\n        <\/div>\n      <\/div>\n    <\/section>\n    <section class=\"u-clearfix u-grey-75 u-section-6\" id=\"carousel_8de1\">\n      <div class=\"u-clearfix u-sheet u-sheet-1\">\n        <div class=\"data-layout-selected u-clearfix u-expanded-width u-gutter-50 u-layout-wrap u-layout-wrap-1\">\n          <div class=\"u-layout\">\n            <div class=\"u-layout-row\">\n              <div class=\"u-container-style u-grey-75 u-layout-cell u-left-cell u-size-30 u-layout-cell-1\">\n                <div class=\"u-container-layout u-container-layout-1\">\n                  <h2 class=\"u-align-left u-text u-text-1\">Aulab <span class=\"u-text-palette-2-base\">4.0<\/span>\n                  <\/h2>\n                  <p class=\"u-align-left u-text u-text-2\">Sample text. Click to select the text box. Click again or double click to start editing the text.<\/p>\n                  <h6 class=\"u-align-justify u-large-text u-text u-text-variant u-text-3\" data-animation-name=\"\" data-animation-duration=\"0\" data-animation-delay=\"0\" data-animation-direction=\"\">\n                    <span style=\"font-weight: 700; font-style: italic;\"> Creatividad que transforma comunidades .<\/span>\n                    <br>\n                    <br>Estudiantes de quinto nivel de la carrera de Dise\u00f1o Gr\u00e1fico y Multimedia, se unieron con algunos emprendedores de la ciudad de Tabacundo en un espacio de aprendizaje y apoyo colaborativo para crear productos en el area de la comunicaci\u00f3n gr\u00e1fica.&nbsp;<br>\n                    <br>Durante este taller profesional, ideas, marcas y sue\u00f1os se materializaron en propuestas visuales innovadoras que impulsan el desarrollo local y fortalecen la conexi\u00f3n entre el dise\u00f1o y el emprendimiento.\n                  <\/h6>\n                <\/div>\n              <\/div>\n              <div class=\"u-align-left u-container-style u-layout-cell u-right-cell u-size-30 u-layout-cell-2\">\n                <div class=\"u-container-layout u-container-layout-2\">\n                  <div class=\"u-expanded u-video\">\n                    <div class=\"embed-responsive embed-responsive-1\">\n                      <iframe style=\"position: absolute;top: 0;left: 0;width: 100%;height: 100%;\" class=\"embed-responsive-item\" src=\"https:\/\/www.youtube.com\/embed\/EARnion4kIQ?mute=0&amp;showinfo=0&amp;controls=0&amp;start=0\" frameborder=\"0\" allowfullscreen=\"\"><\/iframe>\n                    <\/div>\n                  <\/div>\n                <\/div>\n              <\/div>\n            <\/div>\n          <\/div>\n        <\/div>\n      <\/div>\n    <\/section>\n    \n    \n    \n    \n  \n<\/div>","protected":false},"excerpt":{"rendered":"<p>Calidad Educativa Sample text. Lorem ipsum dolor sit amet, consectetur adipiscing elit nullam nunc justo sagittis suscipit ultrices. AULAB Taller [&hellip;]<\/p>\n","protected":false},"author":4,"featured_media":0,"parent":0,"menu_order":0,"comment_status":"closed","ping_status":"closed","template":"","meta":{"site-sidebar-layout":"default","site-content-layout":"","ast-site-content-layout":"default","site-content-style":"default","site-sidebar-style":"default","ast-global-header-display":"","ast-banner-title-visibility":"","ast-main-header-display":"","ast-hfb-above-header-display":"","ast-hfb-below-header-display":"","ast-hfb-mobile-header-display":"","site-post-title":"","ast-breadcrumbs-content":"","ast-featured-img":"","footer-sml-layout":"","theme-transparent-header-meta":"default","adv-header-id-meta":"","stick-header-meta":"","header-above-stick-meta":"","header-main-stick-meta":"","header-below-stick-meta":"","astra-migrate-meta-layouts":"set","ast-page-background-enabled":"default","ast-page-background-meta":{"desktop":{"background-color":"var(--ast-global-color-4)","background-image":"","background-repeat":"repeat","background-position":"center center","background-size":"auto","background-attachment":"scroll","background-type":"","background-media":"","overlay-type":"","overlay-color":"","overlay-gradient":""},"tablet":{"background-color":"","background-image":"","background-repeat":"repeat","background-position":"center center","background-size":"auto","background-attachment":"scroll","background-type":"","background-media":"","overlay-type":"","overlay-color":"","overlay-gradient":""},"mobile":{"background-color":"","background-image":"","background-repeat":"repeat","background-position":"center center","background-size":"auto","background-attachment":"scroll","background-type":"","background-media":"","overlay-type":"","overlay-color":"","overlay-gradient":""}},"ast-content-background-meta":{"desktop":{"background-color":"var(--ast-global-color-5)","background-image":"","background-repeat":"repeat","background-position":"center center","background-size":"auto","background-attachment":"scroll","background-type":"","background-media":"","overlay-type":"","overlay-color":"","overlay-gradient":""},"tablet":{"background-color":"var(--ast-global-color-5)","background-image":"","background-repeat":"repeat","background-position":"center center","background-size":"auto","background-attachment":"scroll","background-type":"","background-media":"","overlay-type":"","overlay-color":"","overlay-gradient":""},"mobile":{"background-color":"var(--ast-global-color-5)","background-image":"","background-repeat":"repeat","background-position":"center center","background-size":"auto","background-attachment":"scroll","background-type":"","background-media":"","overlay-type":"","overlay-color":"","overlay-gradient":""}},"footnotes":""},"_links":{"self":[{"href":"http:\/\/intsuperior.edu.ec\/index.php?rest_route=\/wp\/v2\/pages\/3094"}],"collection":[{"href":"http:\/\/intsuperior.edu.ec\/index.php?rest_route=\/wp\/v2\/pages"}],"about":[{"href":"http:\/\/intsuperior.edu.ec\/index.php?rest_route=\/wp\/v2\/types\/page"}],"author":[{"embeddable":true,"href":"http:\/\/intsuperior.edu.ec\/index.php?rest_route=\/wp\/v2\/users\/4"}],"replies":[{"embeddable":true,"href":"http:\/\/intsuperior.edu.ec\/index.php?rest_route=%2Fwp%2Fv2%2Fcomments&post=3094"}],"version-history":[{"count":15,"href":"http:\/\/intsuperior.edu.ec\/index.php?rest_route=\/wp\/v2\/pages\/3094\/revisions"}],"predecessor-version":[{"id":6306,"href":"http:\/\/intsuperior.edu.ec\/index.php?rest_route=\/wp\/v2\/pages\/3094\/revisions\/6306"}],"wp:attachment":[{"href":"http:\/\/intsuperior.edu.ec\/index.php?rest_route=%2Fwp%2Fv2%2Fmedia&parent=3094"}],"curies":[{"name":"wp","href":"https:\/\/api.w.org\/{rel}","templated":true}]}}