{"id":1920,"date":"2024-12-12T10:34:03","date_gmt":"2024-12-12T05:34:03","guid":{"rendered":"http:\/\/intsuperior.edu.ec\/?page_id=1920"},"modified":"2025-08-14T06:36:23","modified_gmt":"2025-08-14T01:36:23","slug":"innovacion-en-el-saber","status":"publish","type":"page","link":"http:\/\/intsuperior.edu.ec\/?page_id=1920","title":{"rendered":"INNOVACI\u00d3N EN EL SABER ADMINISTRACI\u00d3N"},"content":{"rendered":"<div class=\"\" style=\"\" >\n    \n    <section class=\"u-carousel u-slide u-block-0307-1\" id=\"carousel-7e3a\" data-interval=\"5000\" data-u-ride=\"carousel\">\n      <ol class=\"u-absolute-hcenter u-carousel-indicators u-block-0307-2\">\n        <li data-u-target=\"#carousel-7e3a\" class=\"u-active u-grey-30\" data-u-slide-to=\"0\"><\/li>\n        <li data-u-target=\"#carousel-7e3a\" class=\"u-grey-30\" data-u-slide-to=\"1\"><\/li>\n      <\/ol>\n      <div class=\"u-carousel-inner\" role=\"listbox\">\n        <div class=\"u-active u-carousel-item u-clearfix u-container-align-center u-image u-section-2-1\" data-image-width=\"2560\" data-image-height=\"889\" style=\"background-image: url(&quot;http:\/\/intsuperior.edu.ec\/wp-content\/uploads\/2025\/08\/emprendimiento-scaled.jpg&quot;);\">\n          <div class=\"u-clearfix u-sheet u-sheet-1\"><\/div>\n        <\/div>\n        <div class=\"u-carousel-item u-clearfix u-container-align-center u-image u-section-2-2\" data-image-width=\"2560\" data-image-height=\"889\" style=\"background-image: url(&quot;http:\/\/intsuperior.edu.ec\/wp-content\/uploads\/2025\/08\/metodos-scaled.jpg&quot;);\">\n          <div class=\"u-clearfix u-sheet u-sheet-1\"><\/div>\n        <\/div>\n      <\/div>\n      <a class=\"u-absolute-vcenter u-carousel-control u-carousel-control-prev u-text-grey-30 u-block-0307-3\" href=\"#carousel-7e3a\" role=\"button\" data-u-slide=\"prev\">\n        <span aria-hidden=\"true\">\n          <svg class=\"u-svg-link\" viewBox=\"0 0 477.175 477.175\"><path d=\"M145.188,238.575l215.5-215.5c5.3-5.3,5.3-13.8,0-19.1s-13.8-5.3-19.1,0l-225.1,225.1c-5.3,5.3-5.3,13.8,0,19.1l225.1,225\n                    c2.6,2.6,6.1,4,9.5,4s6.9-1.3,9.5-4c5.3-5.3,5.3-13.8,0-19.1L145.188,238.575z\"><\/path><\/svg>\n        <\/span>\n        <span class=\"sr-only\">Previous<\/span>\n      <\/a>\n      <a class=\"u-absolute-vcenter u-carousel-control u-carousel-control-next u-text-grey-30 u-block-0307-4\" href=\"#carousel-7e3a\" role=\"button\" data-u-slide=\"next\">\n        <span aria-hidden=\"true\">\n          <svg class=\"u-svg-link\" viewBox=\"0 0 477.175 477.175\"><path d=\"M360.731,229.075l-225.1-225.1c-5.3-5.3-13.8-5.3-19.1,0s-5.3,13.8,0,19.1l215.5,215.5l-215.5,215.5\n                    c-5.3,5.3-5.3,13.8,0,19.1c2.6,2.6,6.1,4,9.5,4c3.4,0,6.9-1.3,9.5-4l225.1-225.1C365.931,242.875,365.931,234.275,360.731,229.075z\"><\/path><\/svg>\n        <\/span>\n        <span class=\"sr-only\">Siguiente<\/span>\n      <\/a>\n    <\/section>\n    <section class=\"u-clearfix u-section-3\" id=\"sec-e4ea\">\n      <div class=\"u-clearfix u-sheet u-sheet-1\">\n        <h2 class=\"u-align-center u-text u-text-default u-text-palette-2-base u-text-1\">\n          <span class=\"u-text-black\">INNOVACI\u00d3N EN EL<\/span>&nbsp;<br>SABER HACER \n        <\/h2>\n      <\/div>\n    <\/section>\n    <section class=\"u-clearfix u-grey-5 u-section-4\" id=\"sec-1122\">\n      <div class=\"u-clearfix u-sheet u-sheet-1\">\n        <div class=\"custom-expanded data-layout-selected u-clearfix u-gutter-10 u-layout-wrap u-layout-wrap-1\">\n          <div class=\"u-layout\" style=\"\">\n            <div class=\"u-layout-row\" style=\"\">\n              <div class=\"u-container-style u-grey-80 u-layout-cell u-left-cell u-size-30 u-size-xs-60 u-layout-cell-1\" src=\"\">\n                <div class=\"u-border-2 u-border-grey-75 u-container-layout u-container-layout-1\">\n                  <h2 class=\"u-align-center u-text u-text-default u-text-1\">Emprendimiento <\/h2>\n                  <p class=\"u-align-justify u-large-text u-text u-text-variant u-text-2\"> En esta materia los estudiantes elaboran y presentan un plan de negocio viable, sustentado en un an\u00e1lisis t\u00e9cnico, contextual y financiero, que evidencie la capacidad de los estudiantes para dise\u00f1ar, planificar, estructurar y proyectar una idea de negocio emprendedora con criterios de sostenibilidad, viabilidad en el aspecto social econ\u00f3mico, innovaci\u00f3n y creatividad.&nbsp;<br>\n                    <br>Este producto final refleja el desarrollo del saber hacer, ya que implica la aplicaci\u00f3n pr\u00e1ctica de conocimientos te\u00f3ricos en un entorno de negocio simulado, o un proyecto real de negocio, mismos donde los estudiantes demuestren las&nbsp; habilidades que han adquirido en el aula, para diagnosticar amenazas y oportunidades, definir propuestas de valor, segmentar mercados, establecer estrategias de comercializaci\u00f3n, estructurar costos y proyecciones financieras, as\u00ed como evaluar riesgos y formular indicadores de gesti\u00f3n.<br>\n                  <\/p>\n                  <p class=\"u-align-center u-text u-text-3\">Sample text. Lorem ipsum dolor sit amet, consectetur adipiscing elit nullam nunc justo sagittis suscipit ultrices.<\/p>\n                <\/div>\n              <\/div>\n              <div class=\"u-align-center u-container-style u-image u-layout-cell u-right-cell u-size-30 u-size-xs-60 u-image-1\" src=\"\" data-image-width=\"2048\" data-image-height=\"1536\" style=\"background-image: url(&quot;http:\/\/intsuperior.edu.ec\/wp-content\/uploads\/2025\/06\/453634507_1029633385830964_5716050048533908674_n.jpg&quot;);\">\n                <div class=\"u-container-layout u-valign-middle u-container-layout-2\" src=\"\"><\/div>\n              <\/div>\n            <\/div>\n          <\/div>\n        <\/div>\n      <\/div>\n    <\/section>\n    <section class=\"u-clearfix u-grey-5 u-section-5\" id=\"carousel_ba90\">\n      <div class=\"u-clearfix u-sheet u-valign-top u-sheet-1\">\n        <div class=\"data-layout-selected u-clearfix u-expanded-width u-gutter-10 u-layout-wrap u-layout-wrap-1\">\n          <div class=\"u-layout\" style=\"\">\n            <div class=\"u-layout-row\" style=\"\">\n              <div class=\"u-align-center u-container-style u-image u-layout-cell u-left-cell u-size-30 u-size-xs-60 u-image-1\" src=\"\" data-image-width=\"2048\" data-image-height=\"1536\" style=\"background-image: url(&quot;http:\/\/intsuperior.edu.ec\/wp-content\/uploads\/2025\/06\/453739265_1029633462497623_6714857642995194335_n.jpg&quot;);\">\n                <div class=\"u-container-layout u-valign-middle u-container-layout-1\" src=\"\"><\/div>\n              <\/div>\n              <div class=\"u-container-style u-grey-80 u-layout-cell u-right-cell u-size-30 u-size-xs-60 u-layout-cell-2\" src=\"\">\n                <div class=\"u-border-2 u-border-grey-75 u-container-layout u-container-layout-2\">\n                  <h2 class=\"u-align-left u-text u-text-default u-text-1\">Met\u00f3dos&nbsp;<br>Contables\n                  <\/h2>\n                  <p class=\"u-align-justify u-large-text u-text u-text-variant u-text-2\"> En esta asignatura, el estudiante elabora un perfil o proyecto completo de inversi\u00f3n o intervenci\u00f3n, que contemple un diagn\u00f3stico situacional riguroso, la formulaci\u00f3n t\u00e9cnica de objetivos y actividades, el an\u00e1lisis de viabilidad en sus diferentes dimensiones (econ\u00f3mica, financiera, social y ambiental), as\u00ed como la elaboraci\u00f3n de un presupuesto detallado, cronograma de ejecuci\u00f3n y evaluaci\u00f3n del impacto esperado.&nbsp;<br>\n                    <br>Este proceso requiere que los estudiantes apliquen los&nbsp; conocimientos te\u00f3ricos aprendidos en el aula, ademas herramientas metodol\u00f3gicas y criterios t\u00e9cnicos, demostrando competencias en la planificaci\u00f3n estrat\u00e9gica, an\u00e1lisis cr\u00edtico, resoluci\u00f3n de problemas y toma de decisiones fundamentadas.<br>\n                  <\/p>\n                  <p class=\"u-align-center u-text u-text-3\">Sample text. Lorem ipsum dolor sit amet, consectetur adipiscing elit nullam nunc justo sagittis suscipit ultrices.<\/p>\n                <\/div>\n              <\/div>\n            <\/div>\n          <\/div>\n        <\/div>\n      <\/div>\n    <\/section>\n    \n    \n    \n  \n<\/div>","protected":false},"excerpt":{"rendered":"<p>Previous Siguiente INNOVACI\u00d3N EN EL&nbsp;SABER HACER Emprendimiento En esta materia los estudiantes elaboran y presentan un plan de negocio viable, [&hellip;]<\/p>\n","protected":false},"author":4,"featured_media":0,"parent":0,"menu_order":0,"comment_status":"closed","ping_status":"closed","template":"","meta":{"site-sidebar-layout":"default","site-content-layout":"","ast-site-content-layout":"default","site-content-style":"default","site-sidebar-style":"default","ast-global-header-display":"","ast-banner-title-visibility":"","ast-main-header-display":"","ast-hfb-above-header-display":"","ast-hfb-below-header-display":"","ast-hfb-mobile-header-display":"","site-post-title":"","ast-breadcrumbs-content":"","ast-featured-img":"","footer-sml-layout":"","theme-transparent-header-meta":"default","adv-header-id-meta":"","stick-header-meta":"","header-above-stick-meta":"","header-main-stick-meta":"","header-below-stick-meta":"","astra-migrate-meta-layouts":"set","ast-page-background-enabled":"default","ast-page-background-meta":{"desktop":{"background-color":"var(--ast-global-color-4)","background-image":"","background-repeat":"repeat","background-position":"center center","background-size":"auto","background-attachment":"scroll","background-type":"","background-media":"","overlay-type":"","overlay-color":"","overlay-gradient":""},"tablet":{"background-color":"","background-image":"","background-repeat":"repeat","background-position":"center center","background-size":"auto","background-attachment":"scroll","background-type":"","background-media":"","overlay-type":"","overlay-color":"","overlay-gradient":""},"mobile":{"background-color":"","background-image":"","background-repeat":"repeat","background-position":"center center","background-size":"auto","background-attachment":"scroll","background-type":"","background-media":"","overlay-type":"","overlay-color":"","overlay-gradient":""}},"ast-content-background-meta":{"desktop":{"background-color":"var(--ast-global-color-5)","background-image":"","background-repeat":"repeat","background-position":"center center","background-size":"auto","background-attachment":"scroll","background-type":"","background-media":"","overlay-type":"","overlay-color":"","overlay-gradient":""},"tablet":{"background-color":"var(--ast-global-color-5)","background-image":"","background-repeat":"repeat","background-position":"center center","background-size":"auto","background-attachment":"scroll","background-type":"","background-media":"","overlay-type":"","overlay-color":"","overlay-gradient":""},"mobile":{"background-color":"var(--ast-global-color-5)","background-image":"","background-repeat":"repeat","background-position":"center center","background-size":"auto","background-attachment":"scroll","background-type":"","background-media":"","overlay-type":"","overlay-color":"","overlay-gradient":""}},"footnotes":""},"_links":{"self":[{"href":"http:\/\/intsuperior.edu.ec\/index.php?rest_route=\/wp\/v2\/pages\/1920"}],"collection":[{"href":"http:\/\/intsuperior.edu.ec\/index.php?rest_route=\/wp\/v2\/pages"}],"about":[{"href":"http:\/\/intsuperior.edu.ec\/index.php?rest_route=\/wp\/v2\/types\/page"}],"author":[{"embeddable":true,"href":"http:\/\/intsuperior.edu.ec\/index.php?rest_route=\/wp\/v2\/users\/4"}],"replies":[{"embeddable":true,"href":"http:\/\/intsuperior.edu.ec\/index.php?rest_route=%2Fwp%2Fv2%2Fcomments&post=1920"}],"version-history":[{"count":16,"href":"http:\/\/intsuperior.edu.ec\/index.php?rest_route=\/wp\/v2\/pages\/1920\/revisions"}],"predecessor-version":[{"id":6744,"href":"http:\/\/intsuperior.edu.ec\/index.php?rest_route=\/wp\/v2\/pages\/1920\/revisions\/6744"}],"wp:attachment":[{"href":"http:\/\/intsuperior.edu.ec\/index.php?rest_route=%2Fwp%2Fv2%2Fmedia&parent=1920"}],"curies":[{"name":"wp","href":"https:\/\/api.w.org\/{rel}","templated":true}]}}