{"id":1450,"date":"2024-12-12T22:19:41","date_gmt":"2024-12-12T17:19:41","guid":{"rendered":"http:\/\/intsuperior.edu.ec\/?page_id=1450"},"modified":"2025-05-23T02:17:12","modified_gmt":"2025-05-22T21:17:12","slug":"innovacion-en-el-saber-hacer-diseno-grafico","status":"publish","type":"page","link":"http:\/\/intsuperior.edu.ec\/?page_id=1450","title":{"rendered":"INNOVACI\u00d3N EN EL SABER  HACER  DISE\u00d1O GR\u00c1FICO"},"content":{"rendered":"<div class=\"\" style=\"\" >\n    \n    <section class=\"u-clearfix u-container-align-center u-image u-section-2\" id=\"sec-1fde\" data-image-width=\"2048\" data-image-height=\"1152\" style=\"background-image: url(&quot;http:\/\/intsuperior.edu.ec\/wp-content\/uploads\/2025\/01\/DISENO-42-2048x1152.jpg&quot;);\">\n      <div class=\"u-clearfix u-sheet u-sheet-1\"><\/div>\n    <\/section>\n    <section class=\"u-clearfix u-section-3\" id=\"sec-37ac\">\n      <div class=\"u-clearfix u-sheet u-sheet-1\">\n        <h2 class=\"u-align-center u-text u-text-palette-2-base u-text-1\">Innovaci\u00f3n en el&nbsp;<br>\n          <span class=\"u-text-grey-75\">Saber Hacer <\/span>\n          <br>\n        <\/h2>\n      <\/div>\n    <\/section>\n    <section class=\"u-clearfix u-container-align-center u-grey-5 u-section-4\" id=\"sec-973a\">\n      <div class=\"u-clearfix u-sheet u-valign-middle u-sheet-1\">\n        <div class=\"data-layout-selected u-clearfix u-expanded-width u-gutter-10 u-layout-wrap u-layout-wrap-1\">\n          <div class=\"u-layout\" style=\"\">\n            <div class=\"u-layout-row\" style=\"\">\n              <div class=\"u-container-style u-grey-75 u-layout-cell u-left-cell u-size-30 u-size-xs-60 u-layout-cell-1\" src=\"\">\n                <div class=\"u-container-layout u-container-layout-1\">\n                  <h2 class=\"u-align-center u-text u-text-default u-text-1\">\n                    <span class=\"u-text-palette-2-base\">Dise\u00f1o <span class=\"u-text-white\">Fotogr\u00e1fico:&nbsp;<\/span>\n                    <\/span>\n                    <span class=\"u-text-white\"><\/span>\n                  <\/h2>\n                  <p class=\"u-align-justify u-large-text u-text u-text-variant u-text-2\"> Brinda herramientas t\u00e9cnicas, est\u00e9ticas y conceptuales para la producci\u00f3n de im\u00e1genes fotogr\u00e1ficas con intenci\u00f3n comunicativa.&nbsp;<br>\n                    <br>Su enfoque va m\u00e1s all\u00e1 de la teor\u00eda y pr\u00e1ctica en aula, integr\u00e1ndose activamente en proyectos reales, como el concurso institucional <span style=\"font-weight: 700;\">Miradas Cayambe<\/span>, un evento acad\u00e9mico-cultural que convoca a los estudiantes a capturar im\u00e1genes fotogr\u00e1ficas bajo diversas categor\u00edas tem\u00e1ticas, tales como: Arquitectura, cultura, retrato, reportaje y paisaje.\n                  <\/p>\n                  <p class=\"u-align-center u-text u-text-3\">Sample text. Lorem ipsum dolor sit amet, consectetur adipiscing elit nullam nunc justo sagittis suscipit ultrices.<\/p>\n                <\/div>\n              <\/div>\n              <div class=\"u-align-center u-container-style u-image u-layout-cell u-right-cell u-size-30 u-size-xs-60 u-image-1\" src=\"\" data-image-width=\"1280\" data-image-height=\"853\" style=\"background-image: url(&quot;http:\/\/intsuperior.edu.ec\/wp-content\/uploads\/2025\/05\/e3b47bfd6eca86ce15bd006c4050ea91f0a7f4f082bcb60d94b1e318afafbd95062cb6d5f4cd7e4323e2a0e0d1643a37a4a7be9436fbe839054b5b_1280-2.jpg&quot;);\">\n                <div class=\"u-container-layout u-valign-middle u-container-layout-2\" src=\"\"><\/div>\n              <\/div>\n            <\/div>\n          <\/div>\n        <\/div>\n      <\/div>\n    <\/section>\n    <section class=\"u-clearfix u-container-align-center u-grey-5 u-section-5\" id=\"sec-80ea\">\n      <div class=\"u-clearfix u-sheet u-valign-middle u-sheet-1\">\n        <div class=\"data-layout-selected u-clearfix u-expanded-width u-gutter-10 u-layout-wrap u-layout-wrap-1\">\n          <div class=\"u-layout\" style=\"\">\n            <div class=\"u-layout-row\" style=\"\">\n              <div class=\"u-align-center u-container-style u-image u-layout-cell u-left-cell u-size-30 u-size-xs-60 u-image-1\" src=\"\" data-image-width=\"1280\" data-image-height=\"850\" style=\"background-image: url(&quot;http:\/\/intsuperior.edu.ec\/wp-content\/uploads\/2025\/05\/f323a36af57480c0c9ee89b64308a83a6fe7d9ad74eadb8a4b2ddd4c1f6a88d170c6ac5062dac302982bcd8be7deb75111d00992bfbe44154cce9e_1280-2.jpg&quot;);\">\n                <div class=\"u-container-layout u-valign-middle u-container-layout-1\" src=\"\"><\/div>\n              <\/div>\n              <div class=\"u-container-style u-grey-75 u-layout-cell u-right-cell u-size-30 u-size-xs-60 u-layout-cell-2\" src=\"\">\n                <div class=\"u-container-layout u-container-layout-2\">\n                  <h2 class=\"u-align-center u-text u-text-default u-text-1\">\n                    <span class=\"u-text-palette-2-base\">Producci\u00f3n<br>\n                      <span class=\"u-text-white\">de Dise\u00f1o&nbsp;<\/span>\n                    <\/span>\n                    <span class=\"u-text-white\"><\/span>\n                  <\/h2>\n                  <p class=\"u-align-justify u-large-text u-text u-text-variant u-text-2\"> Esta materia promueve el dise\u00f1o como una pr\u00e1ctica, desde la ejecuci\u00f3n efectiva, validaci\u00f3n t\u00e9cnica y producci\u00f3n eficiente.&nbsp;<br>\n                    <br>El estudiante consolida sus habilidades en planificaci\u00f3n, gesti\u00f3n y ejecuci\u00f3n de prototipos, considerando variables como costos, materiales, procesos de impresi\u00f3n, montaje, pruebas de usuario, validaci\u00f3n y presentaci\u00f3n final, de un prototipo funcional a escala, acompa\u00f1ado de un dossier t\u00e9cnico que documente el proceso de producci\u00f3n, decisiones conceptuales, pruebas realizadas y resultados obtenidos.\n                  <\/p>\n                  <p class=\"u-align-center u-text u-text-3\">Sample text. Lorem ipsum dolor sit amet, consectetur adipiscing elit nullam nunc justo sagittis suscipit ultrices.<\/p>\n                <\/div>\n              <\/div>\n            <\/div>\n          <\/div>\n        <\/div>\n      <\/div>\n    <\/section>\n    \n    \n    \n    \n  \n<\/div>","protected":false},"excerpt":{"rendered":"<p>Innovaci\u00f3n en el&nbsp; Saber Hacer Dise\u00f1o Fotogr\u00e1fico:&nbsp; Brinda herramientas t\u00e9cnicas, est\u00e9ticas y conceptuales para la producci\u00f3n de im\u00e1genes fotogr\u00e1ficas con [&hellip;]<\/p>\n","protected":false},"author":4,"featured_media":0,"parent":0,"menu_order":0,"comment_status":"closed","ping_status":"closed","template":"","meta":{"site-sidebar-layout":"default","site-content-layout":"","ast-site-content-layout":"default","site-content-style":"default","site-sidebar-style":"default","ast-global-header-display":"","ast-banner-title-visibility":"","ast-main-header-display":"","ast-hfb-above-header-display":"","ast-hfb-below-header-display":"","ast-hfb-mobile-header-display":"","site-post-title":"","ast-breadcrumbs-content":"","ast-featured-img":"","footer-sml-layout":"","theme-transparent-header-meta":"default","adv-header-id-meta":"","stick-header-meta":"","header-above-stick-meta":"","header-main-stick-meta":"","header-below-stick-meta":"","astra-migrate-meta-layouts":"set","ast-page-background-enabled":"default","ast-page-background-meta":{"desktop":{"background-color":"var(--ast-global-color-4)","background-image":"","background-repeat":"repeat","background-position":"center center","background-size":"auto","background-attachment":"scroll","background-type":"","background-media":"","overlay-type":"","overlay-color":"","overlay-gradient":""},"tablet":{"background-color":"","background-image":"","background-repeat":"repeat","background-position":"center center","background-size":"auto","background-attachment":"scroll","background-type":"","background-media":"","overlay-type":"","overlay-color":"","overlay-gradient":""},"mobile":{"background-color":"","background-image":"","background-repeat":"repeat","background-position":"center center","background-size":"auto","background-attachment":"scroll","background-type":"","background-media":"","overlay-type":"","overlay-color":"","overlay-gradient":""}},"ast-content-background-meta":{"desktop":{"background-color":"var(--ast-global-color-5)","background-image":"","background-repeat":"repeat","background-position":"center center","background-size":"auto","background-attachment":"scroll","background-type":"","background-media":"","overlay-type":"","overlay-color":"","overlay-gradient":""},"tablet":{"background-color":"var(--ast-global-color-5)","background-image":"","background-repeat":"repeat","background-position":"center center","background-size":"auto","background-attachment":"scroll","background-type":"","background-media":"","overlay-type":"","overlay-color":"","overlay-gradient":""},"mobile":{"background-color":"var(--ast-global-color-5)","background-image":"","background-repeat":"repeat","background-position":"center center","background-size":"auto","background-attachment":"scroll","background-type":"","background-media":"","overlay-type":"","overlay-color":"","overlay-gradient":""}},"footnotes":""},"_links":{"self":[{"href":"http:\/\/intsuperior.edu.ec\/index.php?rest_route=\/wp\/v2\/pages\/1450"}],"collection":[{"href":"http:\/\/intsuperior.edu.ec\/index.php?rest_route=\/wp\/v2\/pages"}],"about":[{"href":"http:\/\/intsuperior.edu.ec\/index.php?rest_route=\/wp\/v2\/types\/page"}],"author":[{"embeddable":true,"href":"http:\/\/intsuperior.edu.ec\/index.php?rest_route=\/wp\/v2\/users\/4"}],"replies":[{"embeddable":true,"href":"http:\/\/intsuperior.edu.ec\/index.php?rest_route=%2Fwp%2Fv2%2Fcomments&post=1450"}],"version-history":[{"count":6,"href":"http:\/\/intsuperior.edu.ec\/index.php?rest_route=\/wp\/v2\/pages\/1450\/revisions"}],"predecessor-version":[{"id":5955,"href":"http:\/\/intsuperior.edu.ec\/index.php?rest_route=\/wp\/v2\/pages\/1450\/revisions\/5955"}],"wp:attachment":[{"href":"http:\/\/intsuperior.edu.ec\/index.php?rest_route=%2Fwp%2Fv2%2Fmedia&parent=1450"}],"curies":[{"name":"wp","href":"https:\/\/api.w.org\/{rel}","templated":true}]}}