{"id":1386,"date":"2025-08-07T04:04:40","date_gmt":"2025-08-06T23:04:40","guid":{"rendered":"http:\/\/intsuperior.edu.ec\/?page_id=1386"},"modified":"2025-08-14T06:23:14","modified_gmt":"2025-08-14T01:23:14","slug":"calida-educativa-administracion","status":"publish","type":"page","link":"http:\/\/intsuperior.edu.ec\/?page_id=1386","title":{"rendered":"C\u00c1LIDA EDUCATIVA ADMINISTRACION"},"content":{"rendered":"<div class=\"\" style=\"\" >\n    \n    <section class=\"u-clearfix u-container-align-center u-image u-section-2\" id=\"sec-4775\" data-image-width=\"2560\" data-image-height=\"889\" style=\"background-image: url(&quot;http:\/\/intsuperior.edu.ec\/wp-content\/uploads\/2025\/08\/libros-scaled.jpg&quot;);\">\n      <div class=\"u-clearfix u-sheet u-sheet-1\"><\/div>\n    <\/section>\n    <section class=\"u-clearfix u-section-3\" id=\"sec-9cda\">\n      <div class=\"u-clearfix u-sheet u-sheet-1\">\n        <h2 class=\"u-align-center u-text u-text-default u-text-palette-2-base u-text-1\">\n          <span class=\"u-text-black\">CALIDAD<\/span>&nbsp;<br>EDUCATIVA\n        <\/h2>\n      <\/div>\n    <\/section>\n    <section class=\"u-clearfix u-container-align-center u-grey-5 u-section-4\" id=\"sec-9aa4\">\n      <div class=\"u-clearfix u-sheet u-sheet-1\">\n        <div class=\"data-layout-selected u-clearfix u-expanded-width u-gutter-10 u-layout-wrap u-layout-wrap-1\">\n          <div class=\"u-layout\" style=\"\">\n            <div class=\"u-layout-row\" style=\"\">\n              <div class=\"u-container-style u-grey-80 u-layout-cell u-left-cell u-size-33 u-size-xs-60 u-layout-cell-1\" src=\"\">\n                <div class=\"u-container-layout u-container-layout-1\">\n                  <p class=\"u-align-center u-text u-text-1\">Sample text. Lorem ipsum dolor sit amet, consectetur adipiscing elit nullam nunc justo sagittis suscipit ultrices.<\/p>\n                  <p class=\"u-align-justify u-large-text u-text u-text-variant u-text-2\">\n                    <span style=\"font-weight: 700;\"><\/span>La <span style=\"font-weight: 700;\" class=\"u-text-palette-2-base\">Carrera<\/span>\n                    <span class=\"u-text-palette-2-base\" style=\"font-weight: 700;\">&nbsp;de\nadministraci\u00f3n<\/span> cuenta con 10 libros acad\u00e9micos publicados donde se integra la\nteor\u00eda con la pr\u00e1ctica para transformar el proceso de ense\u00f1anza-aprendizaje.&nbsp;<br>\n                    <br>La entrega de\nreconocimientos a los docentes que han publicado libros es un evento significativo\nque destaca el compromiso y la excelencia de nuestros educadores en el \u00e1mbito\nde la escritura y la difusi\u00f3n del conocimiento.&nbsp;<br>\n                    <br>Durante esta ceremonia, se reconoce\nel esfuerzo y la dedicaci\u00f3n de aquellos docentes que, adem\u00e1s de su labor en las\naulas, han dedicado tiempo y energ\u00eda para plasmar sus investigaciones, ideas y experiencias\nen obras literarias o acad\u00e9micas.\n                  <\/p>\n                <\/div>\n              <\/div>\n              <div class=\"u-align-center u-container-style u-image u-layout-cell u-right-cell u-size-27 u-size-xs-60 u-image-1\" src=\"\" data-image-width=\"1080\" data-image-height=\"720\" style=\"background-image: url(&quot;http:\/\/intsuperior.edu.ec\/wp-content\/uploads\/2024\/05\/PublicacinLibrosINT2024-2.jpeg&quot;);\">\n                <div class=\"u-container-layout u-valign-middle u-container-layout-2\" src=\"\"><\/div>\n              <\/div>\n            <\/div>\n          <\/div>\n        <\/div>\n      <\/div>\n    <\/section>\n    \n    \n    \n  \n<\/div>","protected":false},"excerpt":{"rendered":"<p>CALIDAD&nbsp;EDUCATIVA Sample text. Lorem ipsum dolor sit amet, consectetur adipiscing elit nullam nunc justo sagittis suscipit ultrices. La Carrera &nbsp;de [&hellip;]<\/p>\n","protected":false},"author":1,"featured_media":0,"parent":0,"menu_order":0,"comment_status":"closed","ping_status":"closed","template":"","meta":{"site-sidebar-layout":"default","site-content-layout":"","ast-site-content-layout":"default","site-content-style":"default","site-sidebar-style":"default","ast-global-header-display":"","ast-banner-title-visibility":"","ast-main-header-display":"","ast-hfb-above-header-display":"","ast-hfb-below-header-display":"","ast-hfb-mobile-header-display":"","site-post-title":"","ast-breadcrumbs-content":"","ast-featured-img":"","footer-sml-layout":"","theme-transparent-header-meta":"default","adv-header-id-meta":"","stick-header-meta":"","header-above-stick-meta":"","header-main-stick-meta":"","header-below-stick-meta":"","astra-migrate-meta-layouts":"set","ast-page-background-enabled":"default","ast-page-background-meta":{"desktop":{"background-color":"var(--ast-global-color-4)","background-image":"","background-repeat":"repeat","background-position":"center center","background-size":"auto","background-attachment":"scroll","background-type":"","background-media":"","overlay-type":"","overlay-color":"","overlay-gradient":""},"tablet":{"background-color":"","background-image":"","background-repeat":"repeat","background-position":"center center","background-size":"auto","background-attachment":"scroll","background-type":"","background-media":"","overlay-type":"","overlay-color":"","overlay-gradient":""},"mobile":{"background-color":"","background-image":"","background-repeat":"repeat","background-position":"center center","background-size":"auto","background-attachment":"scroll","background-type":"","background-media":"","overlay-type":"","overlay-color":"","overlay-gradient":""}},"ast-content-background-meta":{"desktop":{"background-color":"var(--ast-global-color-5)","background-image":"","background-repeat":"repeat","background-position":"center center","background-size":"auto","background-attachment":"scroll","background-type":"","background-media":"","overlay-type":"","overlay-color":"","overlay-gradient":""},"tablet":{"background-color":"var(--ast-global-color-5)","background-image":"","background-repeat":"repeat","background-position":"center center","background-size":"auto","background-attachment":"scroll","background-type":"","background-media":"","overlay-type":"","overlay-color":"","overlay-gradient":""},"mobile":{"background-color":"var(--ast-global-color-5)","background-image":"","background-repeat":"repeat","background-position":"center center","background-size":"auto","background-attachment":"scroll","background-type":"","background-media":"","overlay-type":"","overlay-color":"","overlay-gradient":""}},"footnotes":""},"_links":{"self":[{"href":"http:\/\/intsuperior.edu.ec\/index.php?rest_route=\/wp\/v2\/pages\/1386"}],"collection":[{"href":"http:\/\/intsuperior.edu.ec\/index.php?rest_route=\/wp\/v2\/pages"}],"about":[{"href":"http:\/\/intsuperior.edu.ec\/index.php?rest_route=\/wp\/v2\/types\/page"}],"author":[{"embeddable":true,"href":"http:\/\/intsuperior.edu.ec\/index.php?rest_route=\/wp\/v2\/users\/1"}],"replies":[{"embeddable":true,"href":"http:\/\/intsuperior.edu.ec\/index.php?rest_route=%2Fwp%2Fv2%2Fcomments&post=1386"}],"version-history":[{"count":16,"href":"http:\/\/intsuperior.edu.ec\/index.php?rest_route=\/wp\/v2\/pages\/1386\/revisions"}],"predecessor-version":[{"id":6742,"href":"http:\/\/intsuperior.edu.ec\/index.php?rest_route=\/wp\/v2\/pages\/1386\/revisions\/6742"}],"wp:attachment":[{"href":"http:\/\/intsuperior.edu.ec\/index.php?rest_route=%2Fwp%2Fv2%2Fmedia&parent=1386"}],"curies":[{"name":"wp","href":"https:\/\/api.w.org\/{rel}","templated":true}]}}