{"id":1207,"date":"2024-06-06T21:44:28","date_gmt":"2024-06-06T21:44:28","guid":{"rendered":"http:\/\/eva.intsuperior.edu.ec\/intsuperior\/?page_id=1207"},"modified":"2025-02-02T03:41:45","modified_gmt":"2025-02-01T22:41:45","slug":"sedes","status":"publish","type":"page","link":"http:\/\/intsuperior.edu.ec\/?page_id=1207","title":{"rendered":"SEDES"},"content":{"rendered":"<div class=\"\" style=\"\" >\n    \n    <section class=\"u-align-center u-clearfix u-section-2\" id=\"sec-261d\">\n      <div class=\"u-clearfix u-sheet u-valign-middle u-sheet-1\">\n        <h6 class=\"u-align-center u-text u-text-custom-color-12 u-text-1\">&nbsp;Bienvenidos a nuestras&nbsp; <span class=\"u-text-palette-2-base\">Sedes<span style=\"font-weight: 700;\"><\/span>\n          <\/span>\n        <\/h6>\n        <p class=\"u-align-center u-text u-text-default u-text-2\">Texto de muestra. Haz click para seleccionar el elemento de Texto.<\/p>\n        <p class=\"u-align-center u-text u-text-default u-text-3\">Texto de muestra. Haz click para seleccionar el elemento de Texto.<\/p>\n        <p class=\"u-align-center u-large-text u-text u-text-variant u-text-4\"> Descubre las sedes del Instituto Nelson Torres:&nbsp;<br>Espacios accesibles dise\u00f1ados para impulsar tu aprendizaje y desarrollo profesional.\n        <\/p>\n      <\/div>\n    <\/section>\n    <section class=\"u-align-center u-clearfix u-container-align-center u-white u-section-3\" id=\"sec-ec7d\">\n      <div class=\"u-clearfix u-sheet u-sheet-1\">\n        <h2 class=\"u-align-center u-text u-text-default u-text-1\">Sede <span class=\"u-text-palette-2-base\">Matriz<\/span>\n        <\/h2>\n        <p class=\"u-align-justify u-custom-font u-font-montserrat u-text u-text-default u-text-2\"> Nuestra sede matriz en Cayambe cuenta con una infraestructura moderna y completa dise\u00f1ada para tu formaci\u00f3n integral. Disfruta de laboratorios equipados con tecnolog\u00eda de vanguardia, amplias oficinas para atenci\u00f3n personalizada y espacios abiertos como patios y \u00e1reas verdes que fomentan la convivencia y el aprendizaje. Aqu\u00ed encontrar\u00e1s todo lo que necesitas para alcanzar tus metas acad\u00e9micas y profesionales.<\/p>\n        <div class=\"custom-expanded u-gallery u-layout-grid u-lightbox u-no-transition u-show-text-on-hover u-thumbnails-position-bottom u-gallery-1\" id=\"carousel-f0ac\">\n          <div class=\"u-gallery-inner u-gallery-inner-1\" role=\"listbox\">\n            <div class=\"u-effect-fade u-effect-hover-zoomOut u-gallery-item u-gallery-item-1\">\n              <div class=\"u-back-slide u-back-slide-1\" data-image-width=\"700\" data-image-height=\"500\">\n                <img decoding=\"async\" class=\"u-back-image u-expanded u-back-image-1\" src=\"http:\/\/intsuperior.edu.ec\/wp-content\/uploads\/2025\/01\/sede-int-1_final.jpg\">\n              <\/div>\n              <div class=\"u-align-center u-over-slide u-shading u-over-slide-1\"><\/div>\n            <\/div>\n            <div class=\"u-effect-fade u-effect-hover-zoomOut u-gallery-item u-gallery-item-2\">\n              <div class=\"u-back-slide u-back-slide-2\" data-image-width=\"700\" data-image-height=\"500\">\n                <img decoding=\"async\" class=\"u-back-image u-expanded u-back-image-2\" src=\"http:\/\/intsuperior.edu.ec\/wp-content\/uploads\/2025\/01\/canchas.jpg\">\n              <\/div>\n              <div class=\"u-align-center u-over-slide u-shading u-over-slide-2\"><\/div>\n            <\/div>\n            <div class=\"u-effect-fade u-effect-hover-zoomOut u-gallery-item u-gallery-item-3\">\n              <div class=\"u-back-slide u-back-slide-3\" data-image-width=\"700\" data-image-height=\"500\">\n                <img decoding=\"async\" class=\"u-back-image u-expanded u-back-image-3\" src=\"http:\/\/intsuperior.edu.ec\/wp-content\/uploads\/2025\/01\/laboratorio.jpg\">\n              <\/div>\n              <div class=\"u-align-center u-over-slide u-shading u-over-slide-3\"><\/div>\n            <\/div>\n            <div class=\"u-effect-fade u-effect-hover-zoomOut u-gallery-item u-gallery-item-4\">\n              <div class=\"u-back-slide u-back-slide-4\" data-image-width=\"700\" data-image-height=\"500\">\n                <img decoding=\"async\" class=\"u-back-image u-expanded u-back-image-4\" src=\"http:\/\/intsuperior.edu.ec\/wp-content\/uploads\/2025\/01\/parqueadero.jpg\">\n              <\/div>\n              <div class=\"u-align-center u-over-slide u-shading u-over-slide-4\"><\/div>\n            <\/div>\n          <\/div>\n        <\/div>\n      <\/div>\n    <\/section>\n    <section class=\"u-align-center u-clearfix u-container-align-center u-white u-section-4\" id=\"carousel_3a15\">\n      <div class=\"u-clearfix u-sheet u-sheet-1\">\n        <h2 class=\"u-align-center u-text u-text-default u-text-1\">Sede <font color=\"#e7232c\">Dise\u00f1o (Sigsal)<\/font>\n        <\/h2>\n        <div class=\"custom-expanded u-gallery u-layout-grid u-lightbox u-no-transition u-show-text-on-hover u-thumbnails-position-bottom u-gallery-1\" id=\"carousel-f0ac\">\n          <div class=\"u-gallery-inner u-gallery-inner-1\" role=\"listbox\">\n            <div class=\"u-effect-fade u-effect-hover-zoomOut u-gallery-item u-gallery-item-1\">\n              <div class=\"u-back-slide u-back-slide-1\" data-image-width=\"700\" data-image-height=\"500\">\n                <img decoding=\"async\" class=\"u-back-image u-expanded u-back-image-1\" src=\"http:\/\/intsuperior.edu.ec\/wp-content\/uploads\/2025\/01\/entrada_BRAN.jpg\">\n              <\/div>\n              <div class=\"u-align-center u-over-slide u-shading u-over-slide-1\"><\/div>\n            <\/div>\n            <div class=\"u-effect-fade u-effect-hover-zoomOut u-gallery-item u-gallery-item-2\">\n              <div class=\"u-back-slide u-back-slide-2\" data-image-width=\"700\" data-image-height=\"500\">\n                <img decoding=\"async\" class=\"u-back-image u-expanded u-back-image-2\" src=\"http:\/\/intsuperior.edu.ec\/wp-content\/uploads\/2025\/01\/canchas_BRAN.jpg\">\n              <\/div>\n              <div class=\"u-align-center u-over-slide u-shading u-over-slide-2\"><\/div>\n            <\/div>\n            <div class=\"u-effect-fade u-effect-hover-zoomOut u-gallery-item u-gallery-item-3\">\n              <div class=\"u-back-slide u-back-slide-3\" data-image-width=\"700\" data-image-height=\"500\">\n                <img decoding=\"async\" class=\"u-back-image u-expanded u-back-image-3\" src=\"http:\/\/intsuperior.edu.ec\/wp-content\/uploads\/2025\/01\/aulas1_BRAN.jpg\">\n              <\/div>\n              <div class=\"u-align-center u-over-slide u-shading u-over-slide-3\"><\/div>\n            <\/div>\n            <div class=\"u-effect-fade u-effect-hover-zoomOut u-gallery-item u-gallery-item-4\">\n              <div class=\"u-back-slide u-back-slide-4\" data-image-width=\"700\" data-image-height=\"500\">\n                <img decoding=\"async\" class=\"u-back-image u-expanded u-back-image-4\" src=\"http:\/\/intsuperior.edu.ec\/wp-content\/uploads\/2025\/01\/aulas2_BRAN.jpg\">\n              <\/div>\n              <div class=\"u-align-center u-over-slide u-shading u-over-slide-4\"><\/div>\n            <\/div>\n          <\/div>\n        <\/div>\n      <\/div>\n    <\/section>\n    \n    \n    \n    \n  \n<\/div>","protected":false},"excerpt":{"rendered":"<p>&nbsp;Bienvenidos a nuestras&nbsp; Sedes Texto de muestra. Haz click para seleccionar el elemento de Texto. Texto de muestra. Haz click [&hellip;]<\/p>\n","protected":false},"author":1,"featured_media":0,"parent":0,"menu_order":0,"comment_status":"closed","ping_status":"closed","template":"","meta":{"site-sidebar-layout":"default","site-content-layout":"","ast-site-content-layout":"default","site-content-style":"default","site-sidebar-style":"default","ast-global-header-display":"","ast-banner-title-visibility":"","ast-main-header-display":"","ast-hfb-above-header-display":"","ast-hfb-below-header-display":"","ast-hfb-mobile-header-display":"","site-post-title":"disabled","ast-breadcrumbs-content":"","ast-featured-img":"","footer-sml-layout":"","theme-transparent-header-meta":"default","adv-header-id-meta":"","stick-header-meta":"","header-above-stick-meta":"","header-main-stick-meta":"","header-below-stick-meta":"","astra-migrate-meta-layouts":"set","ast-page-background-enabled":"default","ast-page-background-meta":{"desktop":{"background-color":"var(--ast-global-color-4)","background-image":"","background-repeat":"repeat","background-position":"center center","background-size":"auto","background-attachment":"scroll","background-type":"","background-media":"","overlay-type":"","overlay-color":"","overlay-gradient":""},"tablet":{"background-color":"","background-image":"","background-repeat":"repeat","background-position":"center center","background-size":"auto","background-attachment":"scroll","background-type":"","background-media":"","overlay-type":"","overlay-color":"","overlay-gradient":""},"mobile":{"background-color":"","background-image":"","background-repeat":"repeat","background-position":"center center","background-size":"auto","background-attachment":"scroll","background-type":"","background-media":"","overlay-type":"","overlay-color":"","overlay-gradient":""}},"ast-content-background-meta":{"desktop":{"background-color":"var(--ast-global-color-5)","background-image":"","background-repeat":"repeat","background-position":"center center","background-size":"auto","background-attachment":"scroll","background-type":"","background-media":"","overlay-type":"","overlay-color":"","overlay-gradient":""},"tablet":{"background-color":"var(--ast-global-color-5)","background-image":"","background-repeat":"repeat","background-position":"center center","background-size":"auto","background-attachment":"scroll","background-type":"","background-media":"","overlay-type":"","overlay-color":"","overlay-gradient":""},"mobile":{"background-color":"var(--ast-global-color-5)","background-image":"","background-repeat":"repeat","background-position":"center center","background-size":"auto","background-attachment":"scroll","background-type":"","background-media":"","overlay-type":"","overlay-color":"","overlay-gradient":""}},"footnotes":""},"_links":{"self":[{"href":"http:\/\/intsuperior.edu.ec\/index.php?rest_route=\/wp\/v2\/pages\/1207"}],"collection":[{"href":"http:\/\/intsuperior.edu.ec\/index.php?rest_route=\/wp\/v2\/pages"}],"about":[{"href":"http:\/\/intsuperior.edu.ec\/index.php?rest_route=\/wp\/v2\/types\/page"}],"author":[{"embeddable":true,"href":"http:\/\/intsuperior.edu.ec\/index.php?rest_route=\/wp\/v2\/users\/1"}],"replies":[{"embeddable":true,"href":"http:\/\/intsuperior.edu.ec\/index.php?rest_route=%2Fwp%2Fv2%2Fcomments&post=1207"}],"version-history":[{"count":27,"href":"http:\/\/intsuperior.edu.ec\/index.php?rest_route=\/wp\/v2\/pages\/1207\/revisions"}],"predecessor-version":[{"id":5099,"href":"http:\/\/intsuperior.edu.ec\/index.php?rest_route=\/wp\/v2\/pages\/1207\/revisions\/5099"}],"wp:attachment":[{"href":"http:\/\/intsuperior.edu.ec\/index.php?rest_route=%2Fwp%2Fv2%2Fmedia&parent=1207"}],"curies":[{"name":"wp","href":"https:\/\/api.w.org\/{rel}","templated":true}]}}